{"id":2333,"date":"2024-07-09T14:42:30","date_gmt":"2024-07-09T17:42:30","guid":{"rendered":"https:\/\/www.brazilcarestore.com\/product\/sin%20categor\u00eda\/colonia-phebo-nectarina-de-andalucia-200ml\/"},"modified":"2025-05-02T12:24:50","modified_gmt":"2025-05-02T15:24:50","slug":"colonia-phebo-nectarina-de-andalucia-200ml","status":"publish","type":"product","link":"https:\/\/www.brazilcarestore.com\/es\/product\/granado-es\/colonia-phebo-nectarina-de-andalucia-200ml\/","title":{"rendered":"Colonia Phebo Nectarina de Andaluc\u00eda 200ml"},"content":{"rendered":"<p><span data-sheets-root=\"1\" data-sheets-value=\"{\"1\":2,\"2\":\"The Andalusia region is one of the hottest regions in Europe. Its temperate climate with mild winter temperatures makes it possible to grow the fruit. Description: Oval shape, vibrant color between red and yellow. Juicy pulp and smooth skin.\\nOlfactory Signature: Fruity, juicy, vibrant, green.\\nHarvest: In the month of May.\\n\\nExtraction: Of synthetic origin, the molecule responsible for the nectarine's olfactory effect was extracted using Head Space technology. This technique allows the aromas and elements present in the air to be captured through special glassware, faithfully reproducing the aroma of the fruit.\\nFun fact: The word nectarine comes from nectar, due to its aroma and flavor. The cologne is produced with extra neutral alcohol and macerated. The result is a fragrance with fuller and more intense notes.\\nOlfactory Family: Fruity\\n\\nOlfactory pyramid\\n\\nTop notes: Sicilian Lemon, Bergamot, Nectarine\\nMiddle notes: Honeysuckle, White Tea, Jasmine Sambac\\nBase notes: Musk, White Amber, Oakmoss\\nDoes not contain ingredients of animal origin.\\n\\nContent: 200ml.\\n\\nHow to use\\nApply to wrists, chest and behind ears whenever desired.\\n\"}\" data-sheets-userformat=\"{\"2\":14977,\"3\":{\"1\":0},\"10\":1,\"12\":0,\"14\":{\"1\":3,\"3\":1},\"15\":\"Calibri\",\"16\":11}\">La regi\u00f3n de Andaluc\u00eda es una de las m\u00e1s c\u00e1lidas de Europa. Su clima templado, con temperaturas invernales suaves, hace posible el cultivo de esta fruta. Descripci\u00f3n: Forma ovalada, color vibrante entre rojo y amarillo. Pulpa jugosa y piel suave.<br \/>\nFirma olfativa: Afrutado, jugoso, vibrante, verde.<br \/>\nCosecha: En el mes de mayo.   <\/p>\n<p>Extracci\u00f3n: De origen sint\u00e9tico, la mol\u00e9cula responsable del efecto olfativo de la nectarina se extrajo mediante la tecnolog\u00eda Head Space. Esta t\u00e9cnica permite captar los aromas y elementos presentes en el aire a trav\u00e9s de una cristaler\u00eda especial, reproduciendo fielmente el aroma de la fruta.<br \/>\nDato curioso: La palabra nectarina procede de n\u00e9ctar, por su aroma y sabor. La colonia se produce con alcohol extra neutro y se macera. El resultado es una fragancia con notas m\u00e1s llenas e intensas.<br \/>\nFamilia olfativa: Afrutado   <\/p>\n<p>Pir\u00e1mide olfativa<\/p>\n<p>Notas altas: Lim\u00f3n de Sicilia, Bergamota, Nectarina<br \/>\nNotas medias: Madreselva, T\u00e9 Blanco, Jazm\u00edn Sambac<br \/>\nNotas de fondo: Almizcle, \u00c1mbar blanco, Musgo de roble<br \/>\nNo contiene ingredientes de origen animal.<\/p>\n<p>Contenido: 200 ml.<\/p>\n<p>Modo de empleo<br \/>\nApl\u00edcalo en las mu\u00f1ecas, el pecho y detr\u00e1s de las orejas siempre que lo desees.<br \/>\n<\/span><\/p>\n","protected":false},"excerpt":{"rendered":"<p>La palabra nectarina procede de n\u00e9ctar, por su aroma y sabor. La colonia se produce con alcohol extra neutro y se macera. El resultado es una fragancia con notas m\u00e1s llenas e intensas.  <\/p>\n","protected":false},"featured_media":2232,"template":"","meta":[],"product_brand":[205],"product_cat":[130,135],"product_tag":[],"class_list":{"0":"post-2333","1":"product","2":"type-product","3":"status-publish","4":"has-post-thumbnail","6":"product_brand-phebo","7":"product_cat-granado-es","8":"product_cat-phebo-es","9":"product_shipping_class-leves-de-500-a-999-gramas","11":"first","12":"instock","13":"shipping-taxable","14":"purchasable","15":"product-type-simple"},"yoast_head":"<!-- This site is optimized with the Yoast SEO plugin v27.1.1 - https:\/\/yoast.com\/product\/yoast-seo-wordpress\/ -->\n<title>Colonia Phebo Nectarina de Andaluc\u00eda 200ml - Brazil Care Store<\/title>\n<meta name=\"description\" content=\"La palabra nectarina procede de n\u00e9ctar, por su aroma y sabor. La colonia se produce con alcohol extra neutro y se macera. El resultado es una fragancia con notas m\u00e1s llenas e intensas.\" \/>\n<meta name=\"robots\" content=\"index, follow, max-snippet:-1, max-image-preview:large, max-video-preview:-1\" \/>\n<link rel=\"canonical\" href=\"https:\/\/www.brazilcarestore.com\/es\/product\/granado-es\/colonia-phebo-nectarina-de-andalucia-200ml\/\" \/>\n<meta property=\"og:locale\" content=\"es_ES\" \/>\n<meta property=\"og:type\" content=\"article\" \/>\n<meta property=\"og:title\" content=\"Colonia Phebo Nectarina de Andaluc\u00eda 200ml - Brazil Care Store\" \/>\n<meta property=\"og:description\" content=\"La palabra nectarina procede de n\u00e9ctar, por su aroma y sabor. La colonia se produce con alcohol extra neutro y se macera. El resultado es una fragancia con notas m\u00e1s llenas e intensas.\" \/>\n<meta property=\"og:url\" content=\"https:\/\/www.brazilcarestore.com\/es\/product\/granado-es\/colonia-phebo-nectarina-de-andalucia-200ml\/\" \/>\n<meta property=\"og:site_name\" content=\"Brazil Care Store\" \/>\n<meta property=\"article:publisher\" content=\"https:\/\/www.facebook.com\/brazilcarestore\" \/>\n<meta property=\"article:modified_time\" content=\"2025-05-02T15:24:50+00:00\" \/>\n<meta property=\"og:image\" content=\"https:\/\/i0.wp.com\/www.brazilcarestore.com\/wp-content\/uploads\/2024\/07\/Colonia-Phebo-Nectarina-da-Andaluzia-200m.webp?fit=836%2C1076&ssl=1\" \/>\n\t<meta property=\"og:image:width\" content=\"836\" \/>\n\t<meta property=\"og:image:height\" content=\"1076\" \/>\n\t<meta property=\"og:image:type\" content=\"image\/webp\" \/>\n<meta name=\"twitter:card\" content=\"summary_large_image\" \/>\n<script type=\"application\/ld+json\" class=\"yoast-schema-graph\">{\"@context\":\"https:\/\/schema.org\",\"@graph\":[{\"@type\":\"WebPage\",\"@id\":\"https:\/\/www.brazilcarestore.com\/es\/product\/granado-es\/colonia-phebo-nectarina-de-andalucia-200ml\/\",\"url\":\"https:\/\/www.brazilcarestore.com\/es\/product\/granado-es\/colonia-phebo-nectarina-de-andalucia-200ml\/\",\"name\":\"Colonia Phebo Nectarina de Andaluc\u00eda 200ml - Brazil Care Store\",\"isPartOf\":{\"@id\":\"https:\/\/www.brazilcarestore.com\/es\/#website\"},\"primaryImageOfPage\":{\"@id\":\"https:\/\/www.brazilcarestore.com\/es\/product\/granado-es\/colonia-phebo-nectarina-de-andalucia-200ml\/#primaryimage\"},\"image\":{\"@id\":\"https:\/\/www.brazilcarestore.com\/es\/product\/granado-es\/colonia-phebo-nectarina-de-andalucia-200ml\/#primaryimage\"},\"thumbnailUrl\":\"https:\/\/i0.wp.com\/www.brazilcarestore.com\/wp-content\/uploads\/2024\/07\/Colonia-Phebo-Nectarina-da-Andaluzia-200m.webp?fit=836%2C1076&ssl=1\",\"datePublished\":\"2024-07-09T17:42:30+00:00\",\"dateModified\":\"2025-05-02T15:24:50+00:00\",\"description\":\"La palabra nectarina procede de n\u00e9ctar, por su aroma y sabor. La colonia se produce con alcohol extra neutro y se macera. El resultado es una fragancia con notas m\u00e1s llenas e intensas.\",\"breadcrumb\":{\"@id\":\"https:\/\/www.brazilcarestore.com\/es\/product\/granado-es\/colonia-phebo-nectarina-de-andalucia-200ml\/#breadcrumb\"},\"inLanguage\":\"es\",\"potentialAction\":[{\"@type\":\"ReadAction\",\"target\":[\"https:\/\/www.brazilcarestore.com\/es\/product\/granado-es\/colonia-phebo-nectarina-de-andalucia-200ml\/\"]}]},{\"@type\":\"ImageObject\",\"inLanguage\":\"es\",\"@id\":\"https:\/\/www.brazilcarestore.com\/es\/product\/granado-es\/colonia-phebo-nectarina-de-andalucia-200ml\/#primaryimage\",\"url\":\"https:\/\/i0.wp.com\/www.brazilcarestore.com\/wp-content\/uploads\/2024\/07\/Colonia-Phebo-Nectarina-da-Andaluzia-200m.webp?fit=836%2C1076&ssl=1\",\"contentUrl\":\"https:\/\/i0.wp.com\/www.brazilcarestore.com\/wp-content\/uploads\/2024\/07\/Colonia-Phebo-Nectarina-da-Andaluzia-200m.webp?fit=836%2C1076&ssl=1\",\"width\":836,\"height\":1076},{\"@type\":\"BreadcrumbList\",\"@id\":\"https:\/\/www.brazilcarestore.com\/es\/product\/granado-es\/colonia-phebo-nectarina-de-andalucia-200ml\/#breadcrumb\",\"itemListElement\":[{\"@type\":\"ListItem\",\"position\":1,\"name\":\"Home\",\"item\":\"https:\/\/www.brazilcarestore.com\/es\/\"},{\"@type\":\"ListItem\",\"position\":2,\"name\":\"Tienda\",\"item\":\"https:\/\/www.brazilcarestore.com\/es\/tienda\/\"},{\"@type\":\"ListItem\",\"position\":3,\"name\":\"Colonia Phebo Nectarina de Andaluc\u00eda 200ml\"}]},{\"@type\":\"WebSite\",\"@id\":\"https:\/\/www.brazilcarestore.com\/es\/#website\",\"url\":\"https:\/\/www.brazilcarestore.com\/es\/\",\"name\":\"Brazil Care Store\",\"description\":\"The way to Beauty\",\"publisher\":{\"@id\":\"https:\/\/www.brazilcarestore.com\/es\/#organization\"},\"potentialAction\":[{\"@type\":\"SearchAction\",\"target\":{\"@type\":\"EntryPoint\",\"urlTemplate\":\"https:\/\/www.brazilcarestore.com\/es\/?s={search_term_string}\"},\"query-input\":{\"@type\":\"PropertyValueSpecification\",\"valueRequired\":true,\"valueName\":\"search_term_string\"}}],\"inLanguage\":\"es\"},{\"@type\":\"Organization\",\"@id\":\"https:\/\/www.brazilcarestore.com\/es\/#organization\",\"name\":\"Brazil Care Store\",\"url\":\"https:\/\/www.brazilcarestore.com\/es\/\",\"logo\":{\"@type\":\"ImageObject\",\"inLanguage\":\"es\",\"@id\":\"https:\/\/www.brazilcarestore.com\/es\/#\/schema\/logo\/image\/\",\"url\":\"https:\/\/i0.wp.com\/www.brazilcarestore.com\/wp-content\/uploads\/2024\/02\/Brazil-Care-Store.png?fit=350%2C369&ssl=1\",\"contentUrl\":\"https:\/\/i0.wp.com\/www.brazilcarestore.com\/wp-content\/uploads\/2024\/02\/Brazil-Care-Store.png?fit=350%2C369&ssl=1\",\"width\":350,\"height\":369,\"caption\":\"Brazil Care Store\"},\"image\":{\"@id\":\"https:\/\/www.brazilcarestore.com\/es\/#\/schema\/logo\/image\/\"},\"sameAs\":[\"https:\/\/www.facebook.com\/brazilcarestore\",\"https:\/\/www.instagram.com\/brazilcarestore\",\"https:\/\/www.tiktok.com\/@brazilcarestore\"]}]}<\/script>\n<!-- \/ Yoast SEO plugin. -->","yoast_head_json":{"title":"Colonia Phebo Nectarina de Andaluc\u00eda 200ml - Brazil Care Store","description":"La palabra nectarina procede de n\u00e9ctar, por su aroma y sabor. La colonia se produce con alcohol extra neutro y se macera. El resultado es una fragancia con notas m\u00e1s llenas e intensas.","robots":{"index":"index","follow":"follow","max-snippet":"max-snippet:-1","max-image-preview":"max-image-preview:large","max-video-preview":"max-video-preview:-1"},"canonical":"https:\/\/www.brazilcarestore.com\/es\/product\/granado-es\/colonia-phebo-nectarina-de-andalucia-200ml\/","og_locale":"es_ES","og_type":"article","og_title":"Colonia Phebo Nectarina de Andaluc\u00eda 200ml - Brazil Care Store","og_description":"La palabra nectarina procede de n\u00e9ctar, por su aroma y sabor. La colonia se produce con alcohol extra neutro y se macera. El resultado es una fragancia con notas m\u00e1s llenas e intensas.","og_url":"https:\/\/www.brazilcarestore.com\/es\/product\/granado-es\/colonia-phebo-nectarina-de-andalucia-200ml\/","og_site_name":"Brazil Care Store","article_publisher":"https:\/\/www.facebook.com\/brazilcarestore","article_modified_time":"2025-05-02T15:24:50+00:00","og_image":[{"width":836,"height":1076,"url":"https:\/\/i0.wp.com\/www.brazilcarestore.com\/wp-content\/uploads\/2024\/07\/Colonia-Phebo-Nectarina-da-Andaluzia-200m.webp?fit=836%2C1076&ssl=1","type":"image\/webp"}],"twitter_card":"summary_large_image","schema":{"@context":"https:\/\/schema.org","@graph":[{"@type":"WebPage","@id":"https:\/\/www.brazilcarestore.com\/es\/product\/granado-es\/colonia-phebo-nectarina-de-andalucia-200ml\/","url":"https:\/\/www.brazilcarestore.com\/es\/product\/granado-es\/colonia-phebo-nectarina-de-andalucia-200ml\/","name":"Colonia Phebo Nectarina de Andaluc\u00eda 200ml - Brazil Care Store","isPartOf":{"@id":"https:\/\/www.brazilcarestore.com\/es\/#website"},"primaryImageOfPage":{"@id":"https:\/\/www.brazilcarestore.com\/es\/product\/granado-es\/colonia-phebo-nectarina-de-andalucia-200ml\/#primaryimage"},"image":{"@id":"https:\/\/www.brazilcarestore.com\/es\/product\/granado-es\/colonia-phebo-nectarina-de-andalucia-200ml\/#primaryimage"},"thumbnailUrl":"https:\/\/i0.wp.com\/www.brazilcarestore.com\/wp-content\/uploads\/2024\/07\/Colonia-Phebo-Nectarina-da-Andaluzia-200m.webp?fit=836%2C1076&ssl=1","datePublished":"2024-07-09T17:42:30+00:00","dateModified":"2025-05-02T15:24:50+00:00","description":"La palabra nectarina procede de n\u00e9ctar, por su aroma y sabor. La colonia se produce con alcohol extra neutro y se macera. El resultado es una fragancia con notas m\u00e1s llenas e intensas.","breadcrumb":{"@id":"https:\/\/www.brazilcarestore.com\/es\/product\/granado-es\/colonia-phebo-nectarina-de-andalucia-200ml\/#breadcrumb"},"inLanguage":"es","potentialAction":[{"@type":"ReadAction","target":["https:\/\/www.brazilcarestore.com\/es\/product\/granado-es\/colonia-phebo-nectarina-de-andalucia-200ml\/"]}]},{"@type":"ImageObject","inLanguage":"es","@id":"https:\/\/www.brazilcarestore.com\/es\/product\/granado-es\/colonia-phebo-nectarina-de-andalucia-200ml\/#primaryimage","url":"https:\/\/i0.wp.com\/www.brazilcarestore.com\/wp-content\/uploads\/2024\/07\/Colonia-Phebo-Nectarina-da-Andaluzia-200m.webp?fit=836%2C1076&ssl=1","contentUrl":"https:\/\/i0.wp.com\/www.brazilcarestore.com\/wp-content\/uploads\/2024\/07\/Colonia-Phebo-Nectarina-da-Andaluzia-200m.webp?fit=836%2C1076&ssl=1","width":836,"height":1076},{"@type":"BreadcrumbList","@id":"https:\/\/www.brazilcarestore.com\/es\/product\/granado-es\/colonia-phebo-nectarina-de-andalucia-200ml\/#breadcrumb","itemListElement":[{"@type":"ListItem","position":1,"name":"Home","item":"https:\/\/www.brazilcarestore.com\/es\/"},{"@type":"ListItem","position":2,"name":"Tienda","item":"https:\/\/www.brazilcarestore.com\/es\/tienda\/"},{"@type":"ListItem","position":3,"name":"Colonia Phebo Nectarina de Andaluc\u00eda 200ml"}]},{"@type":"WebSite","@id":"https:\/\/www.brazilcarestore.com\/es\/#website","url":"https:\/\/www.brazilcarestore.com\/es\/","name":"Brazil Care Store","description":"The way to Beauty","publisher":{"@id":"https:\/\/www.brazilcarestore.com\/es\/#organization"},"potentialAction":[{"@type":"SearchAction","target":{"@type":"EntryPoint","urlTemplate":"https:\/\/www.brazilcarestore.com\/es\/?s={search_term_string}"},"query-input":{"@type":"PropertyValueSpecification","valueRequired":true,"valueName":"search_term_string"}}],"inLanguage":"es"},{"@type":"Organization","@id":"https:\/\/www.brazilcarestore.com\/es\/#organization","name":"Brazil Care Store","url":"https:\/\/www.brazilcarestore.com\/es\/","logo":{"@type":"ImageObject","inLanguage":"es","@id":"https:\/\/www.brazilcarestore.com\/es\/#\/schema\/logo\/image\/","url":"https:\/\/i0.wp.com\/www.brazilcarestore.com\/wp-content\/uploads\/2024\/02\/Brazil-Care-Store.png?fit=350%2C369&ssl=1","contentUrl":"https:\/\/i0.wp.com\/www.brazilcarestore.com\/wp-content\/uploads\/2024\/02\/Brazil-Care-Store.png?fit=350%2C369&ssl=1","width":350,"height":369,"caption":"Brazil Care Store"},"image":{"@id":"https:\/\/www.brazilcarestore.com\/es\/#\/schema\/logo\/image\/"},"sameAs":["https:\/\/www.facebook.com\/brazilcarestore","https:\/\/www.instagram.com\/brazilcarestore","https:\/\/www.tiktok.com\/@brazilcarestore"]}]}},"_links":{"self":[{"href":"https:\/\/www.brazilcarestore.com\/es\/wp-json\/wp\/v2\/product\/2333","targetHints":{"allow":["GET"]}}],"collection":[{"href":"https:\/\/www.brazilcarestore.com\/es\/wp-json\/wp\/v2\/product"}],"about":[{"href":"https:\/\/www.brazilcarestore.com\/es\/wp-json\/wp\/v2\/types\/product"}],"wp:featuredmedia":[{"embeddable":true,"href":"https:\/\/www.brazilcarestore.com\/es\/wp-json\/wp\/v2\/media\/2232"}],"wp:attachment":[{"href":"https:\/\/www.brazilcarestore.com\/es\/wp-json\/wp\/v2\/media?parent=2333"}],"wp:term":[{"taxonomy":"product_brand","embeddable":true,"href":"https:\/\/www.brazilcarestore.com\/es\/wp-json\/wp\/v2\/product_brand?post=2333"},{"taxonomy":"product_cat","embeddable":true,"href":"https:\/\/www.brazilcarestore.com\/es\/wp-json\/wp\/v2\/product_cat?post=2333"},{"taxonomy":"product_tag","embeddable":true,"href":"https:\/\/www.brazilcarestore.com\/es\/wp-json\/wp\/v2\/product_tag?post=2333"}],"curies":[{"name":"wp","href":"https:\/\/api.w.org\/{rel}","templated":true}]}}