{"id":2327,"date":"2024-07-09T14:30:36","date_gmt":"2024-07-09T17:30:36","guid":{"rendered":"https:\/\/www.brazilcarestore.com\/product\/sin%20categor\u00eda\/kit-de-jabon-phebo-conmemorativo-de-los-400-anos-de-belem\/"},"modified":"2025-05-02T12:23:56","modified_gmt":"2025-05-02T15:23:56","slug":"kit-de-jabon-phebo-conmemorativo-de-los-400-anos-de-belem","status":"publish","type":"product","link":"https:\/\/www.brazilcarestore.com\/es\/product\/granado-es\/kit-de-jabon-phebo-conmemorativo-de-los-400-anos-de-belem\/","title":{"rendered":"Kit de jab\u00f3n Phebo Conmemorativo de los 400 a\u00f1os de Bel\u00e9m"},"content":{"rendered":"<p><span data-sheets-root=\"1\" data-sheets-value=\"{\"1\":2,\"2\":\"Beautiful box decorated in honor of the 400th anniversary of the city of Bel\u00e9m, birthplace of Phebo.\\nPhebo soap, known for its superior quality and striking and original fragrance, is produced with 100% vegetable glycerin.\\nIts gentle formula forms an intense and creamy foam that hydrates and makes the skin softer. The vegetable base also allows the fragrance to stay on the body better, leaving it fragrant for much longer.\\nDoes not contain ingredients of animal origin.\\nContents: 8 bar soaps (90g each). Lavender, Freshness of the Morning, \\n\\nHow to use:\\r\\nApply the product to wet skin, rubbing gently to obtain foam. Then rinse.\\r\\n\"}\" data-sheets-userformat=\"{\"2\":14977,\"3\":{\"1\":0},\"10\":1,\"12\":0,\"14\":{\"1\":3,\"3\":1},\"15\":\"Calibri\",\"16\":11}\">Bonita caja decorada en honor del 400 aniversario de la ciudad de Bel\u00e9m, cuna de Phebo.<br \/>\nEl jab\u00f3n Phebo, conocido por su calidad superior y su llamativa y original fragancia, se produce con glicerina 100% vegetal.<br \/>\nSu f\u00f3rmula suave forma una espuma intensa y cremosa que hidrata y suaviza la piel. La base vegetal tambi\u00e9n permite que la fragancia permanezca mejor en el cuerpo, dej\u00e1ndolo perfumado durante mucho m\u00e1s tiempo.<br \/>\nNo contiene ingredientes de origen animal.<br \/>\nContenido: 8 jabones en pastilla (90 g cada uno). Lavanda, Frescor de la Ma\u00f1ana,  <\/p>\n<p>Modo de empleo:<br \/>\nAplica el producto sobre la piel h\u00fameda, frotando suavemente para obtener espuma. Luego aclara.<br \/>\n<\/span><\/p>\n","protected":false},"excerpt":{"rendered":"<p><span data-sheets-root=\"1\" data-sheets-value=\"{\"1\":2,\"2\":\"Phebo soap, known for its superior quality and striking and original fragrance, is produced with 100% vegetable glycerin.\"}\" data-sheets-userformat=\"{\"2\":513,\"3\":{\"1\":0},\"12\":0}\">El jab\u00f3n Phebo, conocido por su calidad superior y su llamativa y original fragancia, se produce con glicerina 100% vegetal.<\/span><\/p>\n","protected":false},"featured_media":2204,"template":"","meta":[],"product_brand":[205],"product_cat":[130,135],"product_tag":[],"class_list":{"0":"post-2327","1":"product","2":"type-product","3":"status-publish","4":"has-post-thumbnail","6":"product_brand-phebo","7":"product_cat-granado-es","8":"product_cat-phebo-es","9":"product_shipping_class-leves-de-500-a-999-gramas","11":"first","12":"instock","13":"shipping-taxable","14":"purchasable","15":"product-type-simple"},"yoast_head":"<!-- This site is optimized with the Yoast SEO plugin v27.1.1 - https:\/\/yoast.com\/product\/yoast-seo-wordpress\/ -->\n<title>Kit de jab\u00f3n Phebo Conmemorativo de los 400 a\u00f1os de Bel\u00e9m - Brazil Care Store<\/title>\n<meta name=\"description\" content=\"El jab\u00f3n Phebo, conocido por su calidad superior y su llamativa y original fragancia, se produce con glicerina 100% vegetal.\" \/>\n<meta name=\"robots\" content=\"index, follow, max-snippet:-1, max-image-preview:large, max-video-preview:-1\" \/>\n<link rel=\"canonical\" href=\"https:\/\/www.brazilcarestore.com\/es\/product\/granado-es\/kit-de-jabon-phebo-conmemorativo-de-los-400-anos-de-belem\/\" \/>\n<meta property=\"og:locale\" content=\"es_ES\" \/>\n<meta property=\"og:type\" content=\"article\" \/>\n<meta property=\"og:title\" content=\"Kit de jab\u00f3n Phebo Conmemorativo de los 400 a\u00f1os de Bel\u00e9m - Brazil Care Store\" \/>\n<meta property=\"og:description\" content=\"El jab\u00f3n Phebo, conocido por su calidad superior y su llamativa y original fragancia, se produce con glicerina 100% vegetal.\" \/>\n<meta property=\"og:url\" content=\"https:\/\/www.brazilcarestore.com\/es\/product\/granado-es\/kit-de-jabon-phebo-conmemorativo-de-los-400-anos-de-belem\/\" \/>\n<meta property=\"og:site_name\" content=\"Brazil Care Store\" \/>\n<meta property=\"article:publisher\" content=\"https:\/\/www.facebook.com\/brazilcarestore\" \/>\n<meta property=\"article:modified_time\" content=\"2025-05-02T15:23:56+00:00\" \/>\n<meta property=\"og:image\" content=\"https:\/\/i0.wp.com\/www.brazilcarestore.com\/wp-content\/uploads\/2024\/07\/Kit-Sabonete-de-Glicerina-Phebo-Comemorativa-dos-400-anos-de-Belem.webp?fit=836%2C1076&ssl=1\" \/>\n\t<meta property=\"og:image:width\" content=\"836\" \/>\n\t<meta property=\"og:image:height\" content=\"1076\" \/>\n\t<meta property=\"og:image:type\" content=\"image\/webp\" \/>\n<meta name=\"twitter:card\" content=\"summary_large_image\" \/>\n<meta name=\"twitter:label1\" content=\"Tiempo de lectura\" \/>\n\t<meta name=\"twitter:data1\" content=\"1 minuto\" \/>\n<script type=\"application\/ld+json\" class=\"yoast-schema-graph\">{\"@context\":\"https:\/\/schema.org\",\"@graph\":[{\"@type\":\"WebPage\",\"@id\":\"https:\/\/www.brazilcarestore.com\/es\/product\/granado-es\/kit-de-jabon-phebo-conmemorativo-de-los-400-anos-de-belem\/\",\"url\":\"https:\/\/www.brazilcarestore.com\/es\/product\/granado-es\/kit-de-jabon-phebo-conmemorativo-de-los-400-anos-de-belem\/\",\"name\":\"Kit de jab\u00f3n Phebo Conmemorativo de los 400 a\u00f1os de Bel\u00e9m - Brazil Care Store\",\"isPartOf\":{\"@id\":\"https:\/\/www.brazilcarestore.com\/es\/#website\"},\"primaryImageOfPage\":{\"@id\":\"https:\/\/www.brazilcarestore.com\/es\/product\/granado-es\/kit-de-jabon-phebo-conmemorativo-de-los-400-anos-de-belem\/#primaryimage\"},\"image\":{\"@id\":\"https:\/\/www.brazilcarestore.com\/es\/product\/granado-es\/kit-de-jabon-phebo-conmemorativo-de-los-400-anos-de-belem\/#primaryimage\"},\"thumbnailUrl\":\"https:\/\/i0.wp.com\/www.brazilcarestore.com\/wp-content\/uploads\/2024\/07\/Kit-Sabonete-de-Glicerina-Phebo-Comemorativa-dos-400-anos-de-Belem.webp?fit=836%2C1076&ssl=1\",\"datePublished\":\"2024-07-09T17:30:36+00:00\",\"dateModified\":\"2025-05-02T15:23:56+00:00\",\"description\":\"El jab\u00f3n Phebo, conocido por su calidad superior y su llamativa y original fragancia, se produce con glicerina 100% vegetal.\",\"breadcrumb\":{\"@id\":\"https:\/\/www.brazilcarestore.com\/es\/product\/granado-es\/kit-de-jabon-phebo-conmemorativo-de-los-400-anos-de-belem\/#breadcrumb\"},\"inLanguage\":\"es\",\"potentialAction\":[{\"@type\":\"ReadAction\",\"target\":[\"https:\/\/www.brazilcarestore.com\/es\/product\/granado-es\/kit-de-jabon-phebo-conmemorativo-de-los-400-anos-de-belem\/\"]}]},{\"@type\":\"ImageObject\",\"inLanguage\":\"es\",\"@id\":\"https:\/\/www.brazilcarestore.com\/es\/product\/granado-es\/kit-de-jabon-phebo-conmemorativo-de-los-400-anos-de-belem\/#primaryimage\",\"url\":\"https:\/\/i0.wp.com\/www.brazilcarestore.com\/wp-content\/uploads\/2024\/07\/Kit-Sabonete-de-Glicerina-Phebo-Comemorativa-dos-400-anos-de-Belem.webp?fit=836%2C1076&ssl=1\",\"contentUrl\":\"https:\/\/i0.wp.com\/www.brazilcarestore.com\/wp-content\/uploads\/2024\/07\/Kit-Sabonete-de-Glicerina-Phebo-Comemorativa-dos-400-anos-de-Belem.webp?fit=836%2C1076&ssl=1\",\"width\":836,\"height\":1076},{\"@type\":\"BreadcrumbList\",\"@id\":\"https:\/\/www.brazilcarestore.com\/es\/product\/granado-es\/kit-de-jabon-phebo-conmemorativo-de-los-400-anos-de-belem\/#breadcrumb\",\"itemListElement\":[{\"@type\":\"ListItem\",\"position\":1,\"name\":\"Home\",\"item\":\"https:\/\/www.brazilcarestore.com\/es\/\"},{\"@type\":\"ListItem\",\"position\":2,\"name\":\"Tienda\",\"item\":\"https:\/\/www.brazilcarestore.com\/es\/tienda\/\"},{\"@type\":\"ListItem\",\"position\":3,\"name\":\"Kit de jab\u00f3n Phebo Conmemorativo de los 400 a\u00f1os de Bel\u00e9m\"}]},{\"@type\":\"WebSite\",\"@id\":\"https:\/\/www.brazilcarestore.com\/es\/#website\",\"url\":\"https:\/\/www.brazilcarestore.com\/es\/\",\"name\":\"Brazil Care Store\",\"description\":\"The way to Beauty\",\"publisher\":{\"@id\":\"https:\/\/www.brazilcarestore.com\/es\/#organization\"},\"potentialAction\":[{\"@type\":\"SearchAction\",\"target\":{\"@type\":\"EntryPoint\",\"urlTemplate\":\"https:\/\/www.brazilcarestore.com\/es\/?s={search_term_string}\"},\"query-input\":{\"@type\":\"PropertyValueSpecification\",\"valueRequired\":true,\"valueName\":\"search_term_string\"}}],\"inLanguage\":\"es\"},{\"@type\":\"Organization\",\"@id\":\"https:\/\/www.brazilcarestore.com\/es\/#organization\",\"name\":\"Brazil Care Store\",\"url\":\"https:\/\/www.brazilcarestore.com\/es\/\",\"logo\":{\"@type\":\"ImageObject\",\"inLanguage\":\"es\",\"@id\":\"https:\/\/www.brazilcarestore.com\/es\/#\/schema\/logo\/image\/\",\"url\":\"https:\/\/i0.wp.com\/www.brazilcarestore.com\/wp-content\/uploads\/2024\/02\/Brazil-Care-Store.png?fit=350%2C369&ssl=1\",\"contentUrl\":\"https:\/\/i0.wp.com\/www.brazilcarestore.com\/wp-content\/uploads\/2024\/02\/Brazil-Care-Store.png?fit=350%2C369&ssl=1\",\"width\":350,\"height\":369,\"caption\":\"Brazil Care Store\"},\"image\":{\"@id\":\"https:\/\/www.brazilcarestore.com\/es\/#\/schema\/logo\/image\/\"},\"sameAs\":[\"https:\/\/www.facebook.com\/brazilcarestore\",\"https:\/\/www.instagram.com\/brazilcarestore\",\"https:\/\/www.tiktok.com\/@brazilcarestore\"]}]}<\/script>\n<!-- \/ Yoast SEO plugin. -->","yoast_head_json":{"title":"Kit de jab\u00f3n Phebo Conmemorativo de los 400 a\u00f1os de Bel\u00e9m - Brazil Care Store","description":"El jab\u00f3n Phebo, conocido por su calidad superior y su llamativa y original fragancia, se produce con glicerina 100% vegetal.","robots":{"index":"index","follow":"follow","max-snippet":"max-snippet:-1","max-image-preview":"max-image-preview:large","max-video-preview":"max-video-preview:-1"},"canonical":"https:\/\/www.brazilcarestore.com\/es\/product\/granado-es\/kit-de-jabon-phebo-conmemorativo-de-los-400-anos-de-belem\/","og_locale":"es_ES","og_type":"article","og_title":"Kit de jab\u00f3n Phebo Conmemorativo de los 400 a\u00f1os de Bel\u00e9m - Brazil Care Store","og_description":"El jab\u00f3n Phebo, conocido por su calidad superior y su llamativa y original fragancia, se produce con glicerina 100% vegetal.","og_url":"https:\/\/www.brazilcarestore.com\/es\/product\/granado-es\/kit-de-jabon-phebo-conmemorativo-de-los-400-anos-de-belem\/","og_site_name":"Brazil Care Store","article_publisher":"https:\/\/www.facebook.com\/brazilcarestore","article_modified_time":"2025-05-02T15:23:56+00:00","og_image":[{"width":836,"height":1076,"url":"https:\/\/i0.wp.com\/www.brazilcarestore.com\/wp-content\/uploads\/2024\/07\/Kit-Sabonete-de-Glicerina-Phebo-Comemorativa-dos-400-anos-de-Belem.webp?fit=836%2C1076&ssl=1","type":"image\/webp"}],"twitter_card":"summary_large_image","twitter_misc":{"Tiempo de lectura":"1 minuto"},"schema":{"@context":"https:\/\/schema.org","@graph":[{"@type":"WebPage","@id":"https:\/\/www.brazilcarestore.com\/es\/product\/granado-es\/kit-de-jabon-phebo-conmemorativo-de-los-400-anos-de-belem\/","url":"https:\/\/www.brazilcarestore.com\/es\/product\/granado-es\/kit-de-jabon-phebo-conmemorativo-de-los-400-anos-de-belem\/","name":"Kit de jab\u00f3n Phebo Conmemorativo de los 400 a\u00f1os de Bel\u00e9m - Brazil Care Store","isPartOf":{"@id":"https:\/\/www.brazilcarestore.com\/es\/#website"},"primaryImageOfPage":{"@id":"https:\/\/www.brazilcarestore.com\/es\/product\/granado-es\/kit-de-jabon-phebo-conmemorativo-de-los-400-anos-de-belem\/#primaryimage"},"image":{"@id":"https:\/\/www.brazilcarestore.com\/es\/product\/granado-es\/kit-de-jabon-phebo-conmemorativo-de-los-400-anos-de-belem\/#primaryimage"},"thumbnailUrl":"https:\/\/i0.wp.com\/www.brazilcarestore.com\/wp-content\/uploads\/2024\/07\/Kit-Sabonete-de-Glicerina-Phebo-Comemorativa-dos-400-anos-de-Belem.webp?fit=836%2C1076&ssl=1","datePublished":"2024-07-09T17:30:36+00:00","dateModified":"2025-05-02T15:23:56+00:00","description":"El jab\u00f3n Phebo, conocido por su calidad superior y su llamativa y original fragancia, se produce con glicerina 100% vegetal.","breadcrumb":{"@id":"https:\/\/www.brazilcarestore.com\/es\/product\/granado-es\/kit-de-jabon-phebo-conmemorativo-de-los-400-anos-de-belem\/#breadcrumb"},"inLanguage":"es","potentialAction":[{"@type":"ReadAction","target":["https:\/\/www.brazilcarestore.com\/es\/product\/granado-es\/kit-de-jabon-phebo-conmemorativo-de-los-400-anos-de-belem\/"]}]},{"@type":"ImageObject","inLanguage":"es","@id":"https:\/\/www.brazilcarestore.com\/es\/product\/granado-es\/kit-de-jabon-phebo-conmemorativo-de-los-400-anos-de-belem\/#primaryimage","url":"https:\/\/i0.wp.com\/www.brazilcarestore.com\/wp-content\/uploads\/2024\/07\/Kit-Sabonete-de-Glicerina-Phebo-Comemorativa-dos-400-anos-de-Belem.webp?fit=836%2C1076&ssl=1","contentUrl":"https:\/\/i0.wp.com\/www.brazilcarestore.com\/wp-content\/uploads\/2024\/07\/Kit-Sabonete-de-Glicerina-Phebo-Comemorativa-dos-400-anos-de-Belem.webp?fit=836%2C1076&ssl=1","width":836,"height":1076},{"@type":"BreadcrumbList","@id":"https:\/\/www.brazilcarestore.com\/es\/product\/granado-es\/kit-de-jabon-phebo-conmemorativo-de-los-400-anos-de-belem\/#breadcrumb","itemListElement":[{"@type":"ListItem","position":1,"name":"Home","item":"https:\/\/www.brazilcarestore.com\/es\/"},{"@type":"ListItem","position":2,"name":"Tienda","item":"https:\/\/www.brazilcarestore.com\/es\/tienda\/"},{"@type":"ListItem","position":3,"name":"Kit de jab\u00f3n Phebo Conmemorativo de los 400 a\u00f1os de Bel\u00e9m"}]},{"@type":"WebSite","@id":"https:\/\/www.brazilcarestore.com\/es\/#website","url":"https:\/\/www.brazilcarestore.com\/es\/","name":"Brazil Care Store","description":"The way to Beauty","publisher":{"@id":"https:\/\/www.brazilcarestore.com\/es\/#organization"},"potentialAction":[{"@type":"SearchAction","target":{"@type":"EntryPoint","urlTemplate":"https:\/\/www.brazilcarestore.com\/es\/?s={search_term_string}"},"query-input":{"@type":"PropertyValueSpecification","valueRequired":true,"valueName":"search_term_string"}}],"inLanguage":"es"},{"@type":"Organization","@id":"https:\/\/www.brazilcarestore.com\/es\/#organization","name":"Brazil Care Store","url":"https:\/\/www.brazilcarestore.com\/es\/","logo":{"@type":"ImageObject","inLanguage":"es","@id":"https:\/\/www.brazilcarestore.com\/es\/#\/schema\/logo\/image\/","url":"https:\/\/i0.wp.com\/www.brazilcarestore.com\/wp-content\/uploads\/2024\/02\/Brazil-Care-Store.png?fit=350%2C369&ssl=1","contentUrl":"https:\/\/i0.wp.com\/www.brazilcarestore.com\/wp-content\/uploads\/2024\/02\/Brazil-Care-Store.png?fit=350%2C369&ssl=1","width":350,"height":369,"caption":"Brazil Care Store"},"image":{"@id":"https:\/\/www.brazilcarestore.com\/es\/#\/schema\/logo\/image\/"},"sameAs":["https:\/\/www.facebook.com\/brazilcarestore","https:\/\/www.instagram.com\/brazilcarestore","https:\/\/www.tiktok.com\/@brazilcarestore"]}]}},"_links":{"self":[{"href":"https:\/\/www.brazilcarestore.com\/es\/wp-json\/wp\/v2\/product\/2327","targetHints":{"allow":["GET"]}}],"collection":[{"href":"https:\/\/www.brazilcarestore.com\/es\/wp-json\/wp\/v2\/product"}],"about":[{"href":"https:\/\/www.brazilcarestore.com\/es\/wp-json\/wp\/v2\/types\/product"}],"wp:featuredmedia":[{"embeddable":true,"href":"https:\/\/www.brazilcarestore.com\/es\/wp-json\/wp\/v2\/media\/2204"}],"wp:attachment":[{"href":"https:\/\/www.brazilcarestore.com\/es\/wp-json\/wp\/v2\/media?parent=2327"}],"wp:term":[{"taxonomy":"product_brand","embeddable":true,"href":"https:\/\/www.brazilcarestore.com\/es\/wp-json\/wp\/v2\/product_brand?post=2327"},{"taxonomy":"product_cat","embeddable":true,"href":"https:\/\/www.brazilcarestore.com\/es\/wp-json\/wp\/v2\/product_cat?post=2327"},{"taxonomy":"product_tag","embeddable":true,"href":"https:\/\/www.brazilcarestore.com\/es\/wp-json\/wp\/v2\/product_tag?post=2327"}],"curies":[{"name":"wp","href":"https:\/\/api.w.org\/{rel}","templated":true}]}}