{"id":2307,"date":"2024-07-08T05:01:38","date_gmt":"2024-07-08T08:01:38","guid":{"rendered":"https:\/\/www.brazilcarestore.com\/product\/sin%20categor\u00eda\/kit-exfoliante-y-manteca-corporal-de-lavanda\/"},"modified":"2025-05-01T19:59:47","modified_gmt":"2025-05-01T22:59:47","slug":"kit-exfoliante-y-manteca-corporal-de-lavanda","status":"publish","type":"product","link":"https:\/\/www.brazilcarestore.com\/es\/product\/granado-es\/kits-es\/kit-exfoliante-y-manteca-corporal-de-lavanda\/","title":{"rendered":"Kit exfoliante y manteca corporal de lavanda"},"content":{"rendered":"<p>Kit con productos para un tratamiento completo de la piel.<br \/>\nEl extracto natural de lavanda tiene una acci\u00f3n relajante.<br \/>\nPr\u00e1ctico envase para llevar en el neceser.<br \/>\nSin parabenos, colorantes ni ingredientes de origen animal.<\/p>\n<p>Contenido: 2 x 60 g.<\/p>\n<p>C\u00f3mo utilizarlo:<\/p>\n<p>Empieza con una exfoliaci\u00f3n, para favorecer la regeneraci\u00f3n celular y dejar la piel m\u00e1s suave. Termina con manteca para una hidrataci\u00f3n profunda. <\/p>\n","protected":false},"excerpt":{"rendered":"<p>Empieza con una exfoliaci\u00f3n, para favorecer la regeneraci\u00f3n celular y dejar tu piel m\u00e1s suave.<\/p>\n","protected":false},"featured_media":2188,"template":"","meta":[],"product_brand":[209],"product_cat":[130,134],"product_tag":[],"class_list":{"0":"post-2307","1":"product","2":"type-product","3":"status-publish","4":"has-post-thumbnail","6":"product_brand-granado","7":"product_cat-granado-es","8":"product_cat-kits-es","9":"product_shipping_class-leves-de-500-a-999-gramas","11":"first","12":"instock","13":"shipping-taxable","14":"purchasable","15":"product-type-simple"},"yoast_head":"<!-- This site is optimized with the Yoast SEO plugin v27.1.1 - https:\/\/yoast.com\/product\/yoast-seo-wordpress\/ -->\n<title>Kit exfoliante y manteca corporal de lavanda - Brazil Care Store<\/title>\n<meta name=\"description\" content=\"Empieza con una exfoliaci\u00f3n, para favorecer la regeneraci\u00f3n celular y dejar tu piel m\u00e1s suave.\" \/>\n<meta name=\"robots\" content=\"index, follow, max-snippet:-1, max-image-preview:large, max-video-preview:-1\" \/>\n<link rel=\"canonical\" href=\"https:\/\/www.brazilcarestore.com\/es\/product\/granado-es\/kits-es\/kit-exfoliante-y-manteca-corporal-de-lavanda\/\" \/>\n<meta property=\"og:locale\" content=\"es_ES\" \/>\n<meta property=\"og:type\" content=\"article\" \/>\n<meta property=\"og:title\" content=\"Kit exfoliante y manteca corporal de lavanda - Brazil Care Store\" \/>\n<meta property=\"og:description\" content=\"Empieza con una exfoliaci\u00f3n, para favorecer la regeneraci\u00f3n celular y dejar tu piel m\u00e1s suave.\" \/>\n<meta property=\"og:url\" content=\"https:\/\/www.brazilcarestore.com\/es\/product\/granado-es\/kits-es\/kit-exfoliante-y-manteca-corporal-de-lavanda\/\" \/>\n<meta property=\"og:site_name\" content=\"Brazil Care Store\" \/>\n<meta property=\"article:publisher\" content=\"https:\/\/www.facebook.com\/brazilcarestore\" \/>\n<meta property=\"article:modified_time\" content=\"2025-05-01T22:59:47+00:00\" \/>\n<meta property=\"og:image\" content=\"https:\/\/i0.wp.com\/www.brazilcarestore.com\/wp-content\/uploads\/2024\/07\/Exfoliating-and-Lavender-Body-Butter-3.webp?fit=836%2C1076&ssl=1\" \/>\n\t<meta property=\"og:image:width\" content=\"836\" \/>\n\t<meta property=\"og:image:height\" content=\"1076\" \/>\n\t<meta property=\"og:image:type\" content=\"image\/webp\" \/>\n<meta name=\"twitter:card\" content=\"summary_large_image\" \/>\n<script type=\"application\/ld+json\" class=\"yoast-schema-graph\">{\"@context\":\"https:\/\/schema.org\",\"@graph\":[{\"@type\":\"WebPage\",\"@id\":\"https:\/\/www.brazilcarestore.com\/es\/product\/granado-es\/kits-es\/kit-exfoliante-y-manteca-corporal-de-lavanda\/\",\"url\":\"https:\/\/www.brazilcarestore.com\/es\/product\/granado-es\/kits-es\/kit-exfoliante-y-manteca-corporal-de-lavanda\/\",\"name\":\"Kit exfoliante y manteca corporal de lavanda - Brazil Care Store\",\"isPartOf\":{\"@id\":\"https:\/\/www.brazilcarestore.com\/es\/#website\"},\"primaryImageOfPage\":{\"@id\":\"https:\/\/www.brazilcarestore.com\/es\/product\/granado-es\/kits-es\/kit-exfoliante-y-manteca-corporal-de-lavanda\/#primaryimage\"},\"image\":{\"@id\":\"https:\/\/www.brazilcarestore.com\/es\/product\/granado-es\/kits-es\/kit-exfoliante-y-manteca-corporal-de-lavanda\/#primaryimage\"},\"thumbnailUrl\":\"https:\/\/i0.wp.com\/www.brazilcarestore.com\/wp-content\/uploads\/2024\/07\/Exfoliating-and-Lavender-Body-Butter-3.webp?fit=836%2C1076&ssl=1\",\"datePublished\":\"2024-07-08T08:01:38+00:00\",\"dateModified\":\"2025-05-01T22:59:47+00:00\",\"description\":\"Empieza con una exfoliaci\u00f3n, para favorecer la regeneraci\u00f3n celular y dejar tu piel m\u00e1s suave.\",\"breadcrumb\":{\"@id\":\"https:\/\/www.brazilcarestore.com\/es\/product\/granado-es\/kits-es\/kit-exfoliante-y-manteca-corporal-de-lavanda\/#breadcrumb\"},\"inLanguage\":\"es\",\"potentialAction\":[{\"@type\":\"ReadAction\",\"target\":[\"https:\/\/www.brazilcarestore.com\/es\/product\/granado-es\/kits-es\/kit-exfoliante-y-manteca-corporal-de-lavanda\/\"]}]},{\"@type\":\"ImageObject\",\"inLanguage\":\"es\",\"@id\":\"https:\/\/www.brazilcarestore.com\/es\/product\/granado-es\/kits-es\/kit-exfoliante-y-manteca-corporal-de-lavanda\/#primaryimage\",\"url\":\"https:\/\/i0.wp.com\/www.brazilcarestore.com\/wp-content\/uploads\/2024\/07\/Exfoliating-and-Lavender-Body-Butter-3.webp?fit=836%2C1076&ssl=1\",\"contentUrl\":\"https:\/\/i0.wp.com\/www.brazilcarestore.com\/wp-content\/uploads\/2024\/07\/Exfoliating-and-Lavender-Body-Butter-3.webp?fit=836%2C1076&ssl=1\",\"width\":836,\"height\":1076},{\"@type\":\"BreadcrumbList\",\"@id\":\"https:\/\/www.brazilcarestore.com\/es\/product\/granado-es\/kits-es\/kit-exfoliante-y-manteca-corporal-de-lavanda\/#breadcrumb\",\"itemListElement\":[{\"@type\":\"ListItem\",\"position\":1,\"name\":\"Home\",\"item\":\"https:\/\/www.brazilcarestore.com\/es\/\"},{\"@type\":\"ListItem\",\"position\":2,\"name\":\"Tienda\",\"item\":\"https:\/\/www.brazilcarestore.com\/es\/tienda\/\"},{\"@type\":\"ListItem\",\"position\":3,\"name\":\"Kit exfoliante y manteca corporal de lavanda\"}]},{\"@type\":\"WebSite\",\"@id\":\"https:\/\/www.brazilcarestore.com\/es\/#website\",\"url\":\"https:\/\/www.brazilcarestore.com\/es\/\",\"name\":\"Brazil Care Store\",\"description\":\"The way to Beauty\",\"publisher\":{\"@id\":\"https:\/\/www.brazilcarestore.com\/es\/#organization\"},\"potentialAction\":[{\"@type\":\"SearchAction\",\"target\":{\"@type\":\"EntryPoint\",\"urlTemplate\":\"https:\/\/www.brazilcarestore.com\/es\/?s={search_term_string}\"},\"query-input\":{\"@type\":\"PropertyValueSpecification\",\"valueRequired\":true,\"valueName\":\"search_term_string\"}}],\"inLanguage\":\"es\"},{\"@type\":\"Organization\",\"@id\":\"https:\/\/www.brazilcarestore.com\/es\/#organization\",\"name\":\"Brazil Care Store\",\"url\":\"https:\/\/www.brazilcarestore.com\/es\/\",\"logo\":{\"@type\":\"ImageObject\",\"inLanguage\":\"es\",\"@id\":\"https:\/\/www.brazilcarestore.com\/es\/#\/schema\/logo\/image\/\",\"url\":\"https:\/\/i0.wp.com\/www.brazilcarestore.com\/wp-content\/uploads\/2024\/02\/Brazil-Care-Store.png?fit=350%2C369&ssl=1\",\"contentUrl\":\"https:\/\/i0.wp.com\/www.brazilcarestore.com\/wp-content\/uploads\/2024\/02\/Brazil-Care-Store.png?fit=350%2C369&ssl=1\",\"width\":350,\"height\":369,\"caption\":\"Brazil Care Store\"},\"image\":{\"@id\":\"https:\/\/www.brazilcarestore.com\/es\/#\/schema\/logo\/image\/\"},\"sameAs\":[\"https:\/\/www.facebook.com\/brazilcarestore\",\"https:\/\/www.instagram.com\/brazilcarestore\",\"https:\/\/www.tiktok.com\/@brazilcarestore\"]}]}<\/script>\n<!-- \/ Yoast SEO plugin. -->","yoast_head_json":{"title":"Kit exfoliante y manteca corporal de lavanda - Brazil Care Store","description":"Empieza con una exfoliaci\u00f3n, para favorecer la regeneraci\u00f3n celular y dejar tu piel m\u00e1s suave.","robots":{"index":"index","follow":"follow","max-snippet":"max-snippet:-1","max-image-preview":"max-image-preview:large","max-video-preview":"max-video-preview:-1"},"canonical":"https:\/\/www.brazilcarestore.com\/es\/product\/granado-es\/kits-es\/kit-exfoliante-y-manteca-corporal-de-lavanda\/","og_locale":"es_ES","og_type":"article","og_title":"Kit exfoliante y manteca corporal de lavanda - Brazil Care Store","og_description":"Empieza con una exfoliaci\u00f3n, para favorecer la regeneraci\u00f3n celular y dejar tu piel m\u00e1s suave.","og_url":"https:\/\/www.brazilcarestore.com\/es\/product\/granado-es\/kits-es\/kit-exfoliante-y-manteca-corporal-de-lavanda\/","og_site_name":"Brazil Care Store","article_publisher":"https:\/\/www.facebook.com\/brazilcarestore","article_modified_time":"2025-05-01T22:59:47+00:00","og_image":[{"width":836,"height":1076,"url":"https:\/\/i0.wp.com\/www.brazilcarestore.com\/wp-content\/uploads\/2024\/07\/Exfoliating-and-Lavender-Body-Butter-3.webp?fit=836%2C1076&ssl=1","type":"image\/webp"}],"twitter_card":"summary_large_image","schema":{"@context":"https:\/\/schema.org","@graph":[{"@type":"WebPage","@id":"https:\/\/www.brazilcarestore.com\/es\/product\/granado-es\/kits-es\/kit-exfoliante-y-manteca-corporal-de-lavanda\/","url":"https:\/\/www.brazilcarestore.com\/es\/product\/granado-es\/kits-es\/kit-exfoliante-y-manteca-corporal-de-lavanda\/","name":"Kit exfoliante y manteca corporal de lavanda - Brazil Care Store","isPartOf":{"@id":"https:\/\/www.brazilcarestore.com\/es\/#website"},"primaryImageOfPage":{"@id":"https:\/\/www.brazilcarestore.com\/es\/product\/granado-es\/kits-es\/kit-exfoliante-y-manteca-corporal-de-lavanda\/#primaryimage"},"image":{"@id":"https:\/\/www.brazilcarestore.com\/es\/product\/granado-es\/kits-es\/kit-exfoliante-y-manteca-corporal-de-lavanda\/#primaryimage"},"thumbnailUrl":"https:\/\/i0.wp.com\/www.brazilcarestore.com\/wp-content\/uploads\/2024\/07\/Exfoliating-and-Lavender-Body-Butter-3.webp?fit=836%2C1076&ssl=1","datePublished":"2024-07-08T08:01:38+00:00","dateModified":"2025-05-01T22:59:47+00:00","description":"Empieza con una exfoliaci\u00f3n, para favorecer la regeneraci\u00f3n celular y dejar tu piel m\u00e1s suave.","breadcrumb":{"@id":"https:\/\/www.brazilcarestore.com\/es\/product\/granado-es\/kits-es\/kit-exfoliante-y-manteca-corporal-de-lavanda\/#breadcrumb"},"inLanguage":"es","potentialAction":[{"@type":"ReadAction","target":["https:\/\/www.brazilcarestore.com\/es\/product\/granado-es\/kits-es\/kit-exfoliante-y-manteca-corporal-de-lavanda\/"]}]},{"@type":"ImageObject","inLanguage":"es","@id":"https:\/\/www.brazilcarestore.com\/es\/product\/granado-es\/kits-es\/kit-exfoliante-y-manteca-corporal-de-lavanda\/#primaryimage","url":"https:\/\/i0.wp.com\/www.brazilcarestore.com\/wp-content\/uploads\/2024\/07\/Exfoliating-and-Lavender-Body-Butter-3.webp?fit=836%2C1076&ssl=1","contentUrl":"https:\/\/i0.wp.com\/www.brazilcarestore.com\/wp-content\/uploads\/2024\/07\/Exfoliating-and-Lavender-Body-Butter-3.webp?fit=836%2C1076&ssl=1","width":836,"height":1076},{"@type":"BreadcrumbList","@id":"https:\/\/www.brazilcarestore.com\/es\/product\/granado-es\/kits-es\/kit-exfoliante-y-manteca-corporal-de-lavanda\/#breadcrumb","itemListElement":[{"@type":"ListItem","position":1,"name":"Home","item":"https:\/\/www.brazilcarestore.com\/es\/"},{"@type":"ListItem","position":2,"name":"Tienda","item":"https:\/\/www.brazilcarestore.com\/es\/tienda\/"},{"@type":"ListItem","position":3,"name":"Kit exfoliante y manteca corporal de lavanda"}]},{"@type":"WebSite","@id":"https:\/\/www.brazilcarestore.com\/es\/#website","url":"https:\/\/www.brazilcarestore.com\/es\/","name":"Brazil Care Store","description":"The way to Beauty","publisher":{"@id":"https:\/\/www.brazilcarestore.com\/es\/#organization"},"potentialAction":[{"@type":"SearchAction","target":{"@type":"EntryPoint","urlTemplate":"https:\/\/www.brazilcarestore.com\/es\/?s={search_term_string}"},"query-input":{"@type":"PropertyValueSpecification","valueRequired":true,"valueName":"search_term_string"}}],"inLanguage":"es"},{"@type":"Organization","@id":"https:\/\/www.brazilcarestore.com\/es\/#organization","name":"Brazil Care Store","url":"https:\/\/www.brazilcarestore.com\/es\/","logo":{"@type":"ImageObject","inLanguage":"es","@id":"https:\/\/www.brazilcarestore.com\/es\/#\/schema\/logo\/image\/","url":"https:\/\/i0.wp.com\/www.brazilcarestore.com\/wp-content\/uploads\/2024\/02\/Brazil-Care-Store.png?fit=350%2C369&ssl=1","contentUrl":"https:\/\/i0.wp.com\/www.brazilcarestore.com\/wp-content\/uploads\/2024\/02\/Brazil-Care-Store.png?fit=350%2C369&ssl=1","width":350,"height":369,"caption":"Brazil Care Store"},"image":{"@id":"https:\/\/www.brazilcarestore.com\/es\/#\/schema\/logo\/image\/"},"sameAs":["https:\/\/www.facebook.com\/brazilcarestore","https:\/\/www.instagram.com\/brazilcarestore","https:\/\/www.tiktok.com\/@brazilcarestore"]}]}},"_links":{"self":[{"href":"https:\/\/www.brazilcarestore.com\/es\/wp-json\/wp\/v2\/product\/2307","targetHints":{"allow":["GET"]}}],"collection":[{"href":"https:\/\/www.brazilcarestore.com\/es\/wp-json\/wp\/v2\/product"}],"about":[{"href":"https:\/\/www.brazilcarestore.com\/es\/wp-json\/wp\/v2\/types\/product"}],"wp:featuredmedia":[{"embeddable":true,"href":"https:\/\/www.brazilcarestore.com\/es\/wp-json\/wp\/v2\/media\/2188"}],"wp:attachment":[{"href":"https:\/\/www.brazilcarestore.com\/es\/wp-json\/wp\/v2\/media?parent=2307"}],"wp:term":[{"taxonomy":"product_brand","embeddable":true,"href":"https:\/\/www.brazilcarestore.com\/es\/wp-json\/wp\/v2\/product_brand?post=2307"},{"taxonomy":"product_cat","embeddable":true,"href":"https:\/\/www.brazilcarestore.com\/es\/wp-json\/wp\/v2\/product_cat?post=2307"},{"taxonomy":"product_tag","embeddable":true,"href":"https:\/\/www.brazilcarestore.com\/es\/wp-json\/wp\/v2\/product_tag?post=2307"}],"curies":[{"name":"wp","href":"https:\/\/api.w.org\/{rel}","templated":true}]}}