{"id":2296,"date":"2024-07-08T03:44:18","date_gmt":"2024-07-08T06:44:18","guid":{"rendered":"https:\/\/www.brazilcarestore.com\/product\/sin%20categor\u00eda\/jabon-en-barra-de-nueces-de-brasil-90g\/"},"modified":"2025-05-01T19:50:03","modified_gmt":"2025-05-01T22:50:03","slug":"jabon-en-barra-de-nueces-de-brasil-90g","status":"publish","type":"product","link":"https:\/\/www.brazilcarestore.com\/es\/product\/granado-es\/jabones-liquidos\/jabon-en-barra-de-nueces-de-brasil-90g\/","title":{"rendered":"Jab\u00f3n en barra de nueces de Brasil 90g"},"content":{"rendered":"<p>Formulado con glicerina vegetal y una alta concentraci\u00f3n de extracto natural de nuez de Brasil, que tiene acciones antioxidantes e hidratantes. Limpia suavemente la piel, dej\u00e1ndola suave y perfumada. F\u00f3rmula biodegradable.   Sin parabenos ni ingredientes de origen animal. Contenido: 90g.<\/p>\n<p>Modo de empleo:<br \/>\nAplica tu jab\u00f3n Granado sobre la piel h\u00fameda, frotando suavemente para obtener espuma. A continuaci\u00f3n, aclara abundantemente. Durante el ba\u00f1o, evita utilizar el jab\u00f3n bajo el grifo para que el producto dure a\u00fan m\u00e1s.  <\/p>\n","protected":false},"excerpt":{"rendered":"<p>Sin parabenos ni ingredientes de origen animal.<\/p>\n","protected":false},"featured_media":2168,"template":"","meta":[],"product_brand":[209],"product_cat":[130,131],"product_tag":[],"class_list":{"0":"post-2296","1":"product","2":"type-product","3":"status-publish","4":"has-post-thumbnail","6":"product_brand-granado","7":"product_cat-granado-es","8":"product_cat-jabones-liquidos","9":"product_shipping_class-leves-de-500-a-999-gramas","11":"first","12":"outofstock","13":"shipping-taxable","14":"purchasable","15":"product-type-simple"},"yoast_head":"<!-- This site is optimized with the Yoast SEO plugin v27.1.1 - https:\/\/yoast.com\/product\/yoast-seo-wordpress\/ -->\n<title>Jab\u00f3n en barra de nueces de Brasil 90g - Brazil Care Store<\/title>\n<meta name=\"description\" content=\"Sin parabenos ni ingredientes de origen animal.\" \/>\n<meta name=\"robots\" content=\"index, follow, max-snippet:-1, max-image-preview:large, max-video-preview:-1\" \/>\n<link rel=\"canonical\" href=\"https:\/\/www.brazilcarestore.com\/es\/product\/granado-es\/jabones-liquidos\/jabon-en-barra-de-nueces-de-brasil-90g\/\" \/>\n<meta property=\"og:locale\" content=\"es_ES\" \/>\n<meta property=\"og:type\" content=\"article\" \/>\n<meta property=\"og:title\" content=\"Jab\u00f3n en barra de nueces de Brasil 90g - Brazil Care Store\" \/>\n<meta property=\"og:description\" content=\"Sin parabenos ni ingredientes de origen animal.\" \/>\n<meta property=\"og:url\" content=\"https:\/\/www.brazilcarestore.com\/es\/product\/granado-es\/jabones-liquidos\/jabon-en-barra-de-nueces-de-brasil-90g\/\" \/>\n<meta property=\"og:site_name\" content=\"Brazil Care Store\" \/>\n<meta property=\"article:publisher\" content=\"https:\/\/www.facebook.com\/brazilcarestore\" \/>\n<meta property=\"article:modified_time\" content=\"2025-05-01T22:50:03+00:00\" \/>\n<meta property=\"og:image\" content=\"https:\/\/i0.wp.com\/www.brazilcarestore.com\/wp-content\/uploads\/2024\/07\/Sabonete-em-Barra-de-Glicerina-Castanha-do-Brasil-90g-foto-1.webp?fit=1536%2C1936&ssl=1\" \/>\n\t<meta property=\"og:image:width\" content=\"1536\" \/>\n\t<meta property=\"og:image:height\" content=\"1936\" \/>\n\t<meta property=\"og:image:type\" content=\"image\/webp\" \/>\n<meta name=\"twitter:card\" content=\"summary_large_image\" \/>\n<script type=\"application\/ld+json\" class=\"yoast-schema-graph\">{\"@context\":\"https:\/\/schema.org\",\"@graph\":[{\"@type\":\"WebPage\",\"@id\":\"https:\/\/www.brazilcarestore.com\/es\/product\/granado-es\/jabones-liquidos\/jabon-en-barra-de-nueces-de-brasil-90g\/\",\"url\":\"https:\/\/www.brazilcarestore.com\/es\/product\/granado-es\/jabones-liquidos\/jabon-en-barra-de-nueces-de-brasil-90g\/\",\"name\":\"Jab\u00f3n en barra de nueces de Brasil 90g - Brazil Care Store\",\"isPartOf\":{\"@id\":\"https:\/\/www.brazilcarestore.com\/es\/#website\"},\"primaryImageOfPage\":{\"@id\":\"https:\/\/www.brazilcarestore.com\/es\/product\/granado-es\/jabones-liquidos\/jabon-en-barra-de-nueces-de-brasil-90g\/#primaryimage\"},\"image\":{\"@id\":\"https:\/\/www.brazilcarestore.com\/es\/product\/granado-es\/jabones-liquidos\/jabon-en-barra-de-nueces-de-brasil-90g\/#primaryimage\"},\"thumbnailUrl\":\"https:\/\/i0.wp.com\/www.brazilcarestore.com\/wp-content\/uploads\/2024\/07\/Sabonete-em-Barra-de-Glicerina-Castanha-do-Brasil-90g-foto-1.webp?fit=1536%2C1936&ssl=1\",\"datePublished\":\"2024-07-08T06:44:18+00:00\",\"dateModified\":\"2025-05-01T22:50:03+00:00\",\"description\":\"Sin parabenos ni ingredientes de origen animal.\",\"breadcrumb\":{\"@id\":\"https:\/\/www.brazilcarestore.com\/es\/product\/granado-es\/jabones-liquidos\/jabon-en-barra-de-nueces-de-brasil-90g\/#breadcrumb\"},\"inLanguage\":\"es\",\"potentialAction\":[{\"@type\":\"ReadAction\",\"target\":[\"https:\/\/www.brazilcarestore.com\/es\/product\/granado-es\/jabones-liquidos\/jabon-en-barra-de-nueces-de-brasil-90g\/\"]}]},{\"@type\":\"ImageObject\",\"inLanguage\":\"es\",\"@id\":\"https:\/\/www.brazilcarestore.com\/es\/product\/granado-es\/jabones-liquidos\/jabon-en-barra-de-nueces-de-brasil-90g\/#primaryimage\",\"url\":\"https:\/\/i0.wp.com\/www.brazilcarestore.com\/wp-content\/uploads\/2024\/07\/Sabonete-em-Barra-de-Glicerina-Castanha-do-Brasil-90g-foto-1.webp?fit=1536%2C1936&ssl=1\",\"contentUrl\":\"https:\/\/i0.wp.com\/www.brazilcarestore.com\/wp-content\/uploads\/2024\/07\/Sabonete-em-Barra-de-Glicerina-Castanha-do-Brasil-90g-foto-1.webp?fit=1536%2C1936&ssl=1\",\"width\":1536,\"height\":1936},{\"@type\":\"BreadcrumbList\",\"@id\":\"https:\/\/www.brazilcarestore.com\/es\/product\/granado-es\/jabones-liquidos\/jabon-en-barra-de-nueces-de-brasil-90g\/#breadcrumb\",\"itemListElement\":[{\"@type\":\"ListItem\",\"position\":1,\"name\":\"Home\",\"item\":\"https:\/\/www.brazilcarestore.com\/es\/\"},{\"@type\":\"ListItem\",\"position\":2,\"name\":\"Tienda\",\"item\":\"https:\/\/www.brazilcarestore.com\/es\/tienda\/\"},{\"@type\":\"ListItem\",\"position\":3,\"name\":\"Jab\u00f3n en barra de nueces de Brasil 90g\"}]},{\"@type\":\"WebSite\",\"@id\":\"https:\/\/www.brazilcarestore.com\/es\/#website\",\"url\":\"https:\/\/www.brazilcarestore.com\/es\/\",\"name\":\"Brazil Care Store\",\"description\":\"The way to Beauty\",\"publisher\":{\"@id\":\"https:\/\/www.brazilcarestore.com\/es\/#organization\"},\"potentialAction\":[{\"@type\":\"SearchAction\",\"target\":{\"@type\":\"EntryPoint\",\"urlTemplate\":\"https:\/\/www.brazilcarestore.com\/es\/?s={search_term_string}\"},\"query-input\":{\"@type\":\"PropertyValueSpecification\",\"valueRequired\":true,\"valueName\":\"search_term_string\"}}],\"inLanguage\":\"es\"},{\"@type\":\"Organization\",\"@id\":\"https:\/\/www.brazilcarestore.com\/es\/#organization\",\"name\":\"Brazil Care Store\",\"url\":\"https:\/\/www.brazilcarestore.com\/es\/\",\"logo\":{\"@type\":\"ImageObject\",\"inLanguage\":\"es\",\"@id\":\"https:\/\/www.brazilcarestore.com\/es\/#\/schema\/logo\/image\/\",\"url\":\"https:\/\/i0.wp.com\/www.brazilcarestore.com\/wp-content\/uploads\/2024\/02\/Brazil-Care-Store.png?fit=350%2C369&ssl=1\",\"contentUrl\":\"https:\/\/i0.wp.com\/www.brazilcarestore.com\/wp-content\/uploads\/2024\/02\/Brazil-Care-Store.png?fit=350%2C369&ssl=1\",\"width\":350,\"height\":369,\"caption\":\"Brazil Care Store\"},\"image\":{\"@id\":\"https:\/\/www.brazilcarestore.com\/es\/#\/schema\/logo\/image\/\"},\"sameAs\":[\"https:\/\/www.facebook.com\/brazilcarestore\",\"https:\/\/www.instagram.com\/brazilcarestore\",\"https:\/\/www.tiktok.com\/@brazilcarestore\"]}]}<\/script>\n<!-- \/ Yoast SEO plugin. -->","yoast_head_json":{"title":"Jab\u00f3n en barra de nueces de Brasil 90g - Brazil Care Store","description":"Sin parabenos ni ingredientes de origen animal.","robots":{"index":"index","follow":"follow","max-snippet":"max-snippet:-1","max-image-preview":"max-image-preview:large","max-video-preview":"max-video-preview:-1"},"canonical":"https:\/\/www.brazilcarestore.com\/es\/product\/granado-es\/jabones-liquidos\/jabon-en-barra-de-nueces-de-brasil-90g\/","og_locale":"es_ES","og_type":"article","og_title":"Jab\u00f3n en barra de nueces de Brasil 90g - Brazil Care Store","og_description":"Sin parabenos ni ingredientes de origen animal.","og_url":"https:\/\/www.brazilcarestore.com\/es\/product\/granado-es\/jabones-liquidos\/jabon-en-barra-de-nueces-de-brasil-90g\/","og_site_name":"Brazil Care Store","article_publisher":"https:\/\/www.facebook.com\/brazilcarestore","article_modified_time":"2025-05-01T22:50:03+00:00","og_image":[{"width":1536,"height":1936,"url":"https:\/\/i0.wp.com\/www.brazilcarestore.com\/wp-content\/uploads\/2024\/07\/Sabonete-em-Barra-de-Glicerina-Castanha-do-Brasil-90g-foto-1.webp?fit=1536%2C1936&ssl=1","type":"image\/webp"}],"twitter_card":"summary_large_image","schema":{"@context":"https:\/\/schema.org","@graph":[{"@type":"WebPage","@id":"https:\/\/www.brazilcarestore.com\/es\/product\/granado-es\/jabones-liquidos\/jabon-en-barra-de-nueces-de-brasil-90g\/","url":"https:\/\/www.brazilcarestore.com\/es\/product\/granado-es\/jabones-liquidos\/jabon-en-barra-de-nueces-de-brasil-90g\/","name":"Jab\u00f3n en barra de nueces de Brasil 90g - Brazil Care Store","isPartOf":{"@id":"https:\/\/www.brazilcarestore.com\/es\/#website"},"primaryImageOfPage":{"@id":"https:\/\/www.brazilcarestore.com\/es\/product\/granado-es\/jabones-liquidos\/jabon-en-barra-de-nueces-de-brasil-90g\/#primaryimage"},"image":{"@id":"https:\/\/www.brazilcarestore.com\/es\/product\/granado-es\/jabones-liquidos\/jabon-en-barra-de-nueces-de-brasil-90g\/#primaryimage"},"thumbnailUrl":"https:\/\/i0.wp.com\/www.brazilcarestore.com\/wp-content\/uploads\/2024\/07\/Sabonete-em-Barra-de-Glicerina-Castanha-do-Brasil-90g-foto-1.webp?fit=1536%2C1936&ssl=1","datePublished":"2024-07-08T06:44:18+00:00","dateModified":"2025-05-01T22:50:03+00:00","description":"Sin parabenos ni ingredientes de origen animal.","breadcrumb":{"@id":"https:\/\/www.brazilcarestore.com\/es\/product\/granado-es\/jabones-liquidos\/jabon-en-barra-de-nueces-de-brasil-90g\/#breadcrumb"},"inLanguage":"es","potentialAction":[{"@type":"ReadAction","target":["https:\/\/www.brazilcarestore.com\/es\/product\/granado-es\/jabones-liquidos\/jabon-en-barra-de-nueces-de-brasil-90g\/"]}]},{"@type":"ImageObject","inLanguage":"es","@id":"https:\/\/www.brazilcarestore.com\/es\/product\/granado-es\/jabones-liquidos\/jabon-en-barra-de-nueces-de-brasil-90g\/#primaryimage","url":"https:\/\/i0.wp.com\/www.brazilcarestore.com\/wp-content\/uploads\/2024\/07\/Sabonete-em-Barra-de-Glicerina-Castanha-do-Brasil-90g-foto-1.webp?fit=1536%2C1936&ssl=1","contentUrl":"https:\/\/i0.wp.com\/www.brazilcarestore.com\/wp-content\/uploads\/2024\/07\/Sabonete-em-Barra-de-Glicerina-Castanha-do-Brasil-90g-foto-1.webp?fit=1536%2C1936&ssl=1","width":1536,"height":1936},{"@type":"BreadcrumbList","@id":"https:\/\/www.brazilcarestore.com\/es\/product\/granado-es\/jabones-liquidos\/jabon-en-barra-de-nueces-de-brasil-90g\/#breadcrumb","itemListElement":[{"@type":"ListItem","position":1,"name":"Home","item":"https:\/\/www.brazilcarestore.com\/es\/"},{"@type":"ListItem","position":2,"name":"Tienda","item":"https:\/\/www.brazilcarestore.com\/es\/tienda\/"},{"@type":"ListItem","position":3,"name":"Jab\u00f3n en barra de nueces de Brasil 90g"}]},{"@type":"WebSite","@id":"https:\/\/www.brazilcarestore.com\/es\/#website","url":"https:\/\/www.brazilcarestore.com\/es\/","name":"Brazil Care Store","description":"The way to Beauty","publisher":{"@id":"https:\/\/www.brazilcarestore.com\/es\/#organization"},"potentialAction":[{"@type":"SearchAction","target":{"@type":"EntryPoint","urlTemplate":"https:\/\/www.brazilcarestore.com\/es\/?s={search_term_string}"},"query-input":{"@type":"PropertyValueSpecification","valueRequired":true,"valueName":"search_term_string"}}],"inLanguage":"es"},{"@type":"Organization","@id":"https:\/\/www.brazilcarestore.com\/es\/#organization","name":"Brazil Care Store","url":"https:\/\/www.brazilcarestore.com\/es\/","logo":{"@type":"ImageObject","inLanguage":"es","@id":"https:\/\/www.brazilcarestore.com\/es\/#\/schema\/logo\/image\/","url":"https:\/\/i0.wp.com\/www.brazilcarestore.com\/wp-content\/uploads\/2024\/02\/Brazil-Care-Store.png?fit=350%2C369&ssl=1","contentUrl":"https:\/\/i0.wp.com\/www.brazilcarestore.com\/wp-content\/uploads\/2024\/02\/Brazil-Care-Store.png?fit=350%2C369&ssl=1","width":350,"height":369,"caption":"Brazil Care Store"},"image":{"@id":"https:\/\/www.brazilcarestore.com\/es\/#\/schema\/logo\/image\/"},"sameAs":["https:\/\/www.facebook.com\/brazilcarestore","https:\/\/www.instagram.com\/brazilcarestore","https:\/\/www.tiktok.com\/@brazilcarestore"]}]}},"_links":{"self":[{"href":"https:\/\/www.brazilcarestore.com\/es\/wp-json\/wp\/v2\/product\/2296","targetHints":{"allow":["GET"]}}],"collection":[{"href":"https:\/\/www.brazilcarestore.com\/es\/wp-json\/wp\/v2\/product"}],"about":[{"href":"https:\/\/www.brazilcarestore.com\/es\/wp-json\/wp\/v2\/types\/product"}],"wp:featuredmedia":[{"embeddable":true,"href":"https:\/\/www.brazilcarestore.com\/es\/wp-json\/wp\/v2\/media\/2168"}],"wp:attachment":[{"href":"https:\/\/www.brazilcarestore.com\/es\/wp-json\/wp\/v2\/media?parent=2296"}],"wp:term":[{"taxonomy":"product_brand","embeddable":true,"href":"https:\/\/www.brazilcarestore.com\/es\/wp-json\/wp\/v2\/product_brand?post=2296"},{"taxonomy":"product_cat","embeddable":true,"href":"https:\/\/www.brazilcarestore.com\/es\/wp-json\/wp\/v2\/product_cat?post=2296"},{"taxonomy":"product_tag","embeddable":true,"href":"https:\/\/www.brazilcarestore.com\/es\/wp-json\/wp\/v2\/product_tag?post=2296"}],"curies":[{"name":"wp","href":"https:\/\/api.w.org\/{rel}","templated":true}]}}