{"id":2287,"date":"2024-07-07T12:51:15","date_gmt":"2024-07-07T15:51:15","guid":{"rendered":"https:\/\/www.brazilcarestore.com\/product\/sin%20categor\u00eda\/acondicionador-diluyente-rainbow-para-el-cabello-150ml\/"},"modified":"2025-05-01T19:48:59","modified_gmt":"2025-05-01T22:48:59","slug":"acondicionador-diluyente-rainbow-para-el-cabello-150ml","status":"publish","type":"product","link":"https:\/\/www.brazilcarestore.com\/es\/product\/kamaleao-color-es\/acondicionador-diluyente-rainbow-para-el-cabello-150ml\/","title":{"rendered":"Acondicionador diluyente Rainbow para el cabello 150ml"},"content":{"rendered":"<p>Acerca de este art\u00edculo:<\/p>\n<p>DILUYENTE &#8211; Se utiliza para diluir nuestras m\u00e1scaras pigmentarias. Tiene un fijador del color activo.<br \/>\nACONDICIONADOR &#8211; Desenreda y acondiciona el cabello. Despu\u00e9s de retirar el champ\u00fa, elimina el exceso de agua y aplica el producto masajeando el cabello.<br \/>\nCO-WASH (liberado para Low Poo) &#8211; Ideal para cabello seco, te\u00f1ido, rizado y encrespado. El lavado con la Crema Multifuncional Arco Iris proporciona limpieza, dejando el pelo sano y suave. Aplica el producto sobre el cabello mojado, masajea y aclara<br \/>\nBA\u00d1O DE HIDRATACI\u00d3N Y CREMA &#8211; Despu\u00e9s de retirar el champ\u00fa, aplica la Crema Multifuncional Arco Iris sobre el cabello, d\u00e9jala actuar de 10 a 20 minutos. Tras el tiempo de espera, acl\u00e1ralo bien y dale el acabado que desees<br \/>\nSIN QU\u00cdMICOS NOCIVOS &#8211; LOW POW: sin parabenos, amon\u00edaco ni per\u00f3xidos     <\/p>\n<p>C\u00f3mo utilizarlo:<\/p>\n<p>La l\u00ednea Arco Iris se desarroll\u00f3 para mejorar los resultados del proceso de te\u00f1ido del cabello, haciendo posible la creaci\u00f3n de tonos personalizados y colores pastel mediante la diluci\u00f3n y un mayor efecto de pigmentaci\u00f3n. Su f\u00f3rmula tiene ingredientes que aportan suavidad, sedosidad e hidrataci\u00f3n. <\/p>\n","protected":false},"excerpt":{"rendered":"<p>DILUYENTE &#8211; Se utiliza para diluir nuestras m\u00e1scaras pigmentarias. Tiene un fijador de color activo. <\/p>\n","protected":false},"featured_media":2076,"template":"","meta":[],"product_brand":[206],"product_cat":[125],"product_tag":[],"class_list":{"0":"post-2287","1":"product","2":"type-product","3":"status-publish","4":"has-post-thumbnail","6":"product_brand-kamaleao-color","7":"product_cat-kamaleao-color-es","8":"product_shipping_class-leves-a-499","10":"first","11":"instock","12":"shipping-taxable","13":"purchasable","14":"product-type-simple"},"yoast_head":"<!-- This site is optimized with the Yoast SEO plugin v27.1.1 - https:\/\/yoast.com\/product\/yoast-seo-wordpress\/ -->\n<title>Acondicionador diluyente Rainbow para el cabello 150ml - Brazil Care Store<\/title>\n<meta name=\"description\" content=\"DILUYENTE - Se utiliza para diluir nuestras m\u00e1scaras pigmentarias. Tiene un fijador de color activo.\" \/>\n<meta name=\"robots\" content=\"index, follow, max-snippet:-1, max-image-preview:large, max-video-preview:-1\" \/>\n<link rel=\"canonical\" href=\"https:\/\/www.brazilcarestore.com\/es\/product\/kamaleao-color-es\/acondicionador-diluyente-rainbow-para-el-cabello-150ml\/\" \/>\n<meta property=\"og:locale\" content=\"es_ES\" \/>\n<meta property=\"og:type\" content=\"article\" \/>\n<meta property=\"og:title\" content=\"Acondicionador diluyente Rainbow para el cabello 150ml - Brazil Care Store\" \/>\n<meta property=\"og:description\" content=\"DILUYENTE - Se utiliza para diluir nuestras m\u00e1scaras pigmentarias. Tiene un fijador de color activo.\" \/>\n<meta property=\"og:url\" content=\"https:\/\/www.brazilcarestore.com\/es\/product\/kamaleao-color-es\/acondicionador-diluyente-rainbow-para-el-cabello-150ml\/\" \/>\n<meta property=\"og:site_name\" content=\"Brazil Care Store\" \/>\n<meta property=\"article:publisher\" content=\"https:\/\/www.facebook.com\/brazilcarestore\" \/>\n<meta property=\"article:modified_time\" content=\"2025-05-01T22:48:59+00:00\" \/>\n<meta property=\"og:image\" content=\"https:\/\/i0.wp.com\/www.brazilcarestore.com\/wp-content\/uploads\/2024\/07\/Rainbow-Diluting-Conditioner-for-Hair-150ml.jpg?fit=425%2C425&ssl=1\" \/>\n\t<meta property=\"og:image:width\" content=\"425\" \/>\n\t<meta property=\"og:image:height\" content=\"425\" \/>\n\t<meta property=\"og:image:type\" content=\"image\/jpeg\" \/>\n<meta name=\"twitter:card\" content=\"summary_large_image\" \/>\n<meta name=\"twitter:label1\" content=\"Tiempo de lectura\" \/>\n\t<meta name=\"twitter:data1\" content=\"1 minuto\" \/>\n<script type=\"application\/ld+json\" class=\"yoast-schema-graph\">{\"@context\":\"https:\/\/schema.org\",\"@graph\":[{\"@type\":\"WebPage\",\"@id\":\"https:\/\/www.brazilcarestore.com\/es\/product\/kamaleao-color-es\/acondicionador-diluyente-rainbow-para-el-cabello-150ml\/\",\"url\":\"https:\/\/www.brazilcarestore.com\/es\/product\/kamaleao-color-es\/acondicionador-diluyente-rainbow-para-el-cabello-150ml\/\",\"name\":\"Acondicionador diluyente Rainbow para el cabello 150ml - Brazil Care Store\",\"isPartOf\":{\"@id\":\"https:\/\/www.brazilcarestore.com\/es\/#website\"},\"primaryImageOfPage\":{\"@id\":\"https:\/\/www.brazilcarestore.com\/es\/product\/kamaleao-color-es\/acondicionador-diluyente-rainbow-para-el-cabello-150ml\/#primaryimage\"},\"image\":{\"@id\":\"https:\/\/www.brazilcarestore.com\/es\/product\/kamaleao-color-es\/acondicionador-diluyente-rainbow-para-el-cabello-150ml\/#primaryimage\"},\"thumbnailUrl\":\"https:\/\/i0.wp.com\/www.brazilcarestore.com\/wp-content\/uploads\/2024\/07\/Rainbow-Diluting-Conditioner-for-Hair-150ml.jpg?fit=425%2C425&ssl=1\",\"datePublished\":\"2024-07-07T15:51:15+00:00\",\"dateModified\":\"2025-05-01T22:48:59+00:00\",\"description\":\"DILUYENTE - Se utiliza para diluir nuestras m\u00e1scaras pigmentarias. Tiene un fijador de color activo.\",\"breadcrumb\":{\"@id\":\"https:\/\/www.brazilcarestore.com\/es\/product\/kamaleao-color-es\/acondicionador-diluyente-rainbow-para-el-cabello-150ml\/#breadcrumb\"},\"inLanguage\":\"es\",\"potentialAction\":[{\"@type\":\"ReadAction\",\"target\":[\"https:\/\/www.brazilcarestore.com\/es\/product\/kamaleao-color-es\/acondicionador-diluyente-rainbow-para-el-cabello-150ml\/\"]}]},{\"@type\":\"ImageObject\",\"inLanguage\":\"es\",\"@id\":\"https:\/\/www.brazilcarestore.com\/es\/product\/kamaleao-color-es\/acondicionador-diluyente-rainbow-para-el-cabello-150ml\/#primaryimage\",\"url\":\"https:\/\/i0.wp.com\/www.brazilcarestore.com\/wp-content\/uploads\/2024\/07\/Rainbow-Diluting-Conditioner-for-Hair-150ml.jpg?fit=425%2C425&ssl=1\",\"contentUrl\":\"https:\/\/i0.wp.com\/www.brazilcarestore.com\/wp-content\/uploads\/2024\/07\/Rainbow-Diluting-Conditioner-for-Hair-150ml.jpg?fit=425%2C425&ssl=1\",\"width\":425,\"height\":425},{\"@type\":\"BreadcrumbList\",\"@id\":\"https:\/\/www.brazilcarestore.com\/es\/product\/kamaleao-color-es\/acondicionador-diluyente-rainbow-para-el-cabello-150ml\/#breadcrumb\",\"itemListElement\":[{\"@type\":\"ListItem\",\"position\":1,\"name\":\"Home\",\"item\":\"https:\/\/www.brazilcarestore.com\/es\/\"},{\"@type\":\"ListItem\",\"position\":2,\"name\":\"Tienda\",\"item\":\"https:\/\/www.brazilcarestore.com\/es\/tienda\/\"},{\"@type\":\"ListItem\",\"position\":3,\"name\":\"Acondicionador diluyente Rainbow para el cabello 150ml\"}]},{\"@type\":\"WebSite\",\"@id\":\"https:\/\/www.brazilcarestore.com\/es\/#website\",\"url\":\"https:\/\/www.brazilcarestore.com\/es\/\",\"name\":\"Brazil Care Store\",\"description\":\"The way to Beauty\",\"publisher\":{\"@id\":\"https:\/\/www.brazilcarestore.com\/es\/#organization\"},\"potentialAction\":[{\"@type\":\"SearchAction\",\"target\":{\"@type\":\"EntryPoint\",\"urlTemplate\":\"https:\/\/www.brazilcarestore.com\/es\/?s={search_term_string}\"},\"query-input\":{\"@type\":\"PropertyValueSpecification\",\"valueRequired\":true,\"valueName\":\"search_term_string\"}}],\"inLanguage\":\"es\"},{\"@type\":\"Organization\",\"@id\":\"https:\/\/www.brazilcarestore.com\/es\/#organization\",\"name\":\"Brazil Care Store\",\"url\":\"https:\/\/www.brazilcarestore.com\/es\/\",\"logo\":{\"@type\":\"ImageObject\",\"inLanguage\":\"es\",\"@id\":\"https:\/\/www.brazilcarestore.com\/es\/#\/schema\/logo\/image\/\",\"url\":\"https:\/\/i0.wp.com\/www.brazilcarestore.com\/wp-content\/uploads\/2024\/02\/Brazil-Care-Store.png?fit=350%2C369&ssl=1\",\"contentUrl\":\"https:\/\/i0.wp.com\/www.brazilcarestore.com\/wp-content\/uploads\/2024\/02\/Brazil-Care-Store.png?fit=350%2C369&ssl=1\",\"width\":350,\"height\":369,\"caption\":\"Brazil Care Store\"},\"image\":{\"@id\":\"https:\/\/www.brazilcarestore.com\/es\/#\/schema\/logo\/image\/\"},\"sameAs\":[\"https:\/\/www.facebook.com\/brazilcarestore\",\"https:\/\/www.instagram.com\/brazilcarestore\",\"https:\/\/www.tiktok.com\/@brazilcarestore\"]}]}<\/script>\n<!-- \/ Yoast SEO plugin. -->","yoast_head_json":{"title":"Acondicionador diluyente Rainbow para el cabello 150ml - Brazil Care Store","description":"DILUYENTE - Se utiliza para diluir nuestras m\u00e1scaras pigmentarias. Tiene un fijador de color activo.","robots":{"index":"index","follow":"follow","max-snippet":"max-snippet:-1","max-image-preview":"max-image-preview:large","max-video-preview":"max-video-preview:-1"},"canonical":"https:\/\/www.brazilcarestore.com\/es\/product\/kamaleao-color-es\/acondicionador-diluyente-rainbow-para-el-cabello-150ml\/","og_locale":"es_ES","og_type":"article","og_title":"Acondicionador diluyente Rainbow para el cabello 150ml - Brazil Care Store","og_description":"DILUYENTE - Se utiliza para diluir nuestras m\u00e1scaras pigmentarias. Tiene un fijador de color activo.","og_url":"https:\/\/www.brazilcarestore.com\/es\/product\/kamaleao-color-es\/acondicionador-diluyente-rainbow-para-el-cabello-150ml\/","og_site_name":"Brazil Care Store","article_publisher":"https:\/\/www.facebook.com\/brazilcarestore","article_modified_time":"2025-05-01T22:48:59+00:00","og_image":[{"width":425,"height":425,"url":"https:\/\/i0.wp.com\/www.brazilcarestore.com\/wp-content\/uploads\/2024\/07\/Rainbow-Diluting-Conditioner-for-Hair-150ml.jpg?fit=425%2C425&ssl=1","type":"image\/jpeg"}],"twitter_card":"summary_large_image","twitter_misc":{"Tiempo de lectura":"1 minuto"},"schema":{"@context":"https:\/\/schema.org","@graph":[{"@type":"WebPage","@id":"https:\/\/www.brazilcarestore.com\/es\/product\/kamaleao-color-es\/acondicionador-diluyente-rainbow-para-el-cabello-150ml\/","url":"https:\/\/www.brazilcarestore.com\/es\/product\/kamaleao-color-es\/acondicionador-diluyente-rainbow-para-el-cabello-150ml\/","name":"Acondicionador diluyente Rainbow para el cabello 150ml - Brazil Care Store","isPartOf":{"@id":"https:\/\/www.brazilcarestore.com\/es\/#website"},"primaryImageOfPage":{"@id":"https:\/\/www.brazilcarestore.com\/es\/product\/kamaleao-color-es\/acondicionador-diluyente-rainbow-para-el-cabello-150ml\/#primaryimage"},"image":{"@id":"https:\/\/www.brazilcarestore.com\/es\/product\/kamaleao-color-es\/acondicionador-diluyente-rainbow-para-el-cabello-150ml\/#primaryimage"},"thumbnailUrl":"https:\/\/i0.wp.com\/www.brazilcarestore.com\/wp-content\/uploads\/2024\/07\/Rainbow-Diluting-Conditioner-for-Hair-150ml.jpg?fit=425%2C425&ssl=1","datePublished":"2024-07-07T15:51:15+00:00","dateModified":"2025-05-01T22:48:59+00:00","description":"DILUYENTE - Se utiliza para diluir nuestras m\u00e1scaras pigmentarias. Tiene un fijador de color activo.","breadcrumb":{"@id":"https:\/\/www.brazilcarestore.com\/es\/product\/kamaleao-color-es\/acondicionador-diluyente-rainbow-para-el-cabello-150ml\/#breadcrumb"},"inLanguage":"es","potentialAction":[{"@type":"ReadAction","target":["https:\/\/www.brazilcarestore.com\/es\/product\/kamaleao-color-es\/acondicionador-diluyente-rainbow-para-el-cabello-150ml\/"]}]},{"@type":"ImageObject","inLanguage":"es","@id":"https:\/\/www.brazilcarestore.com\/es\/product\/kamaleao-color-es\/acondicionador-diluyente-rainbow-para-el-cabello-150ml\/#primaryimage","url":"https:\/\/i0.wp.com\/www.brazilcarestore.com\/wp-content\/uploads\/2024\/07\/Rainbow-Diluting-Conditioner-for-Hair-150ml.jpg?fit=425%2C425&ssl=1","contentUrl":"https:\/\/i0.wp.com\/www.brazilcarestore.com\/wp-content\/uploads\/2024\/07\/Rainbow-Diluting-Conditioner-for-Hair-150ml.jpg?fit=425%2C425&ssl=1","width":425,"height":425},{"@type":"BreadcrumbList","@id":"https:\/\/www.brazilcarestore.com\/es\/product\/kamaleao-color-es\/acondicionador-diluyente-rainbow-para-el-cabello-150ml\/#breadcrumb","itemListElement":[{"@type":"ListItem","position":1,"name":"Home","item":"https:\/\/www.brazilcarestore.com\/es\/"},{"@type":"ListItem","position":2,"name":"Tienda","item":"https:\/\/www.brazilcarestore.com\/es\/tienda\/"},{"@type":"ListItem","position":3,"name":"Acondicionador diluyente Rainbow para el cabello 150ml"}]},{"@type":"WebSite","@id":"https:\/\/www.brazilcarestore.com\/es\/#website","url":"https:\/\/www.brazilcarestore.com\/es\/","name":"Brazil Care Store","description":"The way to Beauty","publisher":{"@id":"https:\/\/www.brazilcarestore.com\/es\/#organization"},"potentialAction":[{"@type":"SearchAction","target":{"@type":"EntryPoint","urlTemplate":"https:\/\/www.brazilcarestore.com\/es\/?s={search_term_string}"},"query-input":{"@type":"PropertyValueSpecification","valueRequired":true,"valueName":"search_term_string"}}],"inLanguage":"es"},{"@type":"Organization","@id":"https:\/\/www.brazilcarestore.com\/es\/#organization","name":"Brazil Care Store","url":"https:\/\/www.brazilcarestore.com\/es\/","logo":{"@type":"ImageObject","inLanguage":"es","@id":"https:\/\/www.brazilcarestore.com\/es\/#\/schema\/logo\/image\/","url":"https:\/\/i0.wp.com\/www.brazilcarestore.com\/wp-content\/uploads\/2024\/02\/Brazil-Care-Store.png?fit=350%2C369&ssl=1","contentUrl":"https:\/\/i0.wp.com\/www.brazilcarestore.com\/wp-content\/uploads\/2024\/02\/Brazil-Care-Store.png?fit=350%2C369&ssl=1","width":350,"height":369,"caption":"Brazil Care Store"},"image":{"@id":"https:\/\/www.brazilcarestore.com\/es\/#\/schema\/logo\/image\/"},"sameAs":["https:\/\/www.facebook.com\/brazilcarestore","https:\/\/www.instagram.com\/brazilcarestore","https:\/\/www.tiktok.com\/@brazilcarestore"]}]}},"_links":{"self":[{"href":"https:\/\/www.brazilcarestore.com\/es\/wp-json\/wp\/v2\/product\/2287","targetHints":{"allow":["GET"]}}],"collection":[{"href":"https:\/\/www.brazilcarestore.com\/es\/wp-json\/wp\/v2\/product"}],"about":[{"href":"https:\/\/www.brazilcarestore.com\/es\/wp-json\/wp\/v2\/types\/product"}],"wp:featuredmedia":[{"embeddable":true,"href":"https:\/\/www.brazilcarestore.com\/es\/wp-json\/wp\/v2\/media\/2076"}],"wp:attachment":[{"href":"https:\/\/www.brazilcarestore.com\/es\/wp-json\/wp\/v2\/media?parent=2287"}],"wp:term":[{"taxonomy":"product_brand","embeddable":true,"href":"https:\/\/www.brazilcarestore.com\/es\/wp-json\/wp\/v2\/product_brand?post=2287"},{"taxonomy":"product_cat","embeddable":true,"href":"https:\/\/www.brazilcarestore.com\/es\/wp-json\/wp\/v2\/product_cat?post=2287"},{"taxonomy":"product_tag","embeddable":true,"href":"https:\/\/www.brazilcarestore.com\/es\/wp-json\/wp\/v2\/product_tag?post=2287"}],"curies":[{"name":"wp","href":"https:\/\/api.w.org\/{rel}","templated":true}]}}