{"id":2263,"date":"2024-07-07T12:08:21","date_gmt":"2024-07-07T15:08:21","guid":{"rendered":"https:\/\/www.brazilcarestore.com\/product\/sin categor\u00eda\/lobo-de-crin-tonico-colorante-semipermanente-150ml\/"},"modified":"2024-07-07T12:08:21","modified_gmt":"2024-07-07T15:08:21","slug":"lobo-de-crin-tonico-colorante-semipermanente-150ml","status":"publish","type":"product","link":"https:\/\/www.brazilcarestore.com\/es\/product\/kamaleao-color-es\/lobo-de-crin-tonico-colorante-semipermanente-150ml\/","title":{"rendered":"Lobo de crin T\u00f3nico colorante semipermanente 150ml"},"content":{"rendered":"<p>Acerca de este art\u00edculo:<\/p>\n<p>Tinte semipermanente Lobo de crin (Rojo cereza), 5 OZ<br \/>\nMarca KC COLOR \/ KAMALE\u00c3O COLOR<br \/>\nDURABILIDAD: De 5 a 25 lavados (la duraci\u00f3n var\u00eda seg\u00fan el cabello, los colores y el mantenimiento);<br \/>\nBAJO POO: Sin parabenos, amon\u00edaco, per\u00f3xidos ni anilina.<br \/>\nCOLORES Y TONOS MEZCLABLES: Los tintes semipermanentes KC Color (Kamale\u00e3o Color Brasil) son seguros de mezclar para crear nuevas posibilidades de tonos e incluso puedes mezclarlos con nuestra Crema Diluyente Arco Iris para crear tonos m\u00e1s pastel;<br \/>\nCOLORES VIBRANTES: KC Color (Kamale\u00e3o Color Brasil) trabaja duro para ofrecerte los nuevos colores de moda m\u00e1s calientes, brillantes y atrevidos;<\/p>\n<p>C\u00f3mo utilizarlo:<\/p>\n<p>Tinte de pelo semipermanente Lobo de crin (Rojo cereza), 5 OZ ADVERTENCIAS: &#8211; Es necesario decolorar o te\u00f1ir el pelo; &#8211; Utiliza guantes durante el proceso; &#8211; Recomendamos no aclarar el producto en la ducha, ya que puede manchar la piel; &#8211; Realiza una prueba del parche y del mech\u00f3n antes de usarlo. Las im\u00e1genes son meramente ilustrativas. El resultado puede variar en funci\u00f3n de la base rubia aplicada y del modo de uso. Te recomendamos que realices una prueba del mech\u00f3n antes de la aplicaci\u00f3n. PRUEBA DEL MECH\u00d3N: A\u00edsla un mech\u00f3n de pelo y sigue las instrucciones. PRUEBA DE LA MANCHA: Aplica una peque\u00f1a cantidad en la parte interior del codo y d\u00e9jala actuar durante 20 minutos, acl\u00e1rala y espera 24 horas. INSTRUCCIONES: Con el cabello limpio y seco (lavado s\u00f3lo con champ\u00fa), aplica el Tinte Semipermanente y d\u00e9jalo actuar de 30 a 40 minutos, aclara abundantemente. Utiliza guantes. Para aplicarlo, tu nivel de tinte debe ser de nivel 9 \u00f3 10 (rubio claro a muy claro). ADVERTENCIAS: S\u00f3lo para uso externo. Mantener fuera del alcance de los ni\u00f1os. No utilizar en cejas ni pesta\u00f1as. En caso de contacto con los ojos, acl\u00e1ralos bien con agua abundante. No lo apliques en el cabello si tienes el cuero cabelludo irritado, quemado por el sol o lesionado. Si se produce irritaci\u00f3n, deja de usarlo y busca asistencia m\u00e9dica. No utilices el producto si eres al\u00e9rgico a alguno de sus ingredientes. FABRICADO EN BRASIL                <\/p>\n","protected":false},"excerpt":{"rendered":"<p>Tinte de pelo semipermanente Lobo de crin (Rojo cereza), 5 OZ<\/p>\n","protected":false},"featured_media":2048,"template":"","meta":[],"product_brand":[],"product_cat":[125],"product_tag":[],"class_list":{"0":"post-2263","1":"product","2":"type-product","3":"status-publish","4":"has-post-thumbnail","6":"product_cat-kamaleao-color-es","7":"product_shipping_class-leves-a-499","9":"first","10":"instock","11":"shipping-taxable","12":"purchasable","13":"product-type-simple"},"yoast_head":"<!-- This site is optimized with the Yoast SEO plugin v27.1.1 - https:\/\/yoast.com\/product\/yoast-seo-wordpress\/ -->\n<title>Lobo de crin T\u00f3nico colorante semipermanente 150ml - Brazil Care Store<\/title>\n<meta name=\"description\" content=\"Tinte de pelo semipermanente Lobo de crin (Rojo cereza), 5 OZ\" \/>\n<meta name=\"robots\" content=\"index, follow, max-snippet:-1, max-image-preview:large, max-video-preview:-1\" \/>\n<link rel=\"canonical\" href=\"https:\/\/www.brazilcarestore.com\/es\/product\/kamaleao-color-es\/lobo-de-crin-tonico-colorante-semipermanente-150ml\/\" \/>\n<meta property=\"og:locale\" content=\"es_ES\" \/>\n<meta property=\"og:type\" content=\"article\" \/>\n<meta property=\"og:title\" content=\"Lobo de crin T\u00f3nico colorante semipermanente 150ml - Brazil Care Store\" \/>\n<meta property=\"og:description\" content=\"Tinte de pelo semipermanente Lobo de crin (Rojo cereza), 5 OZ\" \/>\n<meta property=\"og:url\" content=\"https:\/\/www.brazilcarestore.com\/es\/product\/kamaleao-color-es\/lobo-de-crin-tonico-colorante-semipermanente-150ml\/\" \/>\n<meta property=\"og:site_name\" content=\"Brazil Care Store\" \/>\n<meta property=\"article:publisher\" content=\"https:\/\/www.facebook.com\/brazilcarestore\" \/>\n<meta property=\"og:image\" content=\"https:\/\/i0.wp.com\/www.brazilcarestore.com\/wp-content\/uploads\/2024\/07\/Maned-Wolf-Semi-Permant-Hair-Color-Toner-150ml.jpg?fit=466%2C466&ssl=1\" \/>\n\t<meta property=\"og:image:width\" content=\"466\" \/>\n\t<meta property=\"og:image:height\" content=\"466\" \/>\n\t<meta property=\"og:image:type\" content=\"image\/jpeg\" \/>\n<meta name=\"twitter:card\" content=\"summary_large_image\" \/>\n<meta name=\"twitter:label1\" content=\"Tiempo de lectura\" \/>\n\t<meta name=\"twitter:data1\" content=\"2 minutos\" \/>\n<script type=\"application\/ld+json\" class=\"yoast-schema-graph\">{\"@context\":\"https:\/\/schema.org\",\"@graph\":[{\"@type\":\"WebPage\",\"@id\":\"https:\/\/www.brazilcarestore.com\/es\/product\/kamaleao-color-es\/lobo-de-crin-tonico-colorante-semipermanente-150ml\/\",\"url\":\"https:\/\/www.brazilcarestore.com\/es\/product\/kamaleao-color-es\/lobo-de-crin-tonico-colorante-semipermanente-150ml\/\",\"name\":\"Lobo de crin T\u00f3nico colorante semipermanente 150ml - Brazil Care Store\",\"isPartOf\":{\"@id\":\"https:\/\/www.brazilcarestore.com\/es\/#website\"},\"primaryImageOfPage\":{\"@id\":\"https:\/\/www.brazilcarestore.com\/es\/product\/kamaleao-color-es\/lobo-de-crin-tonico-colorante-semipermanente-150ml\/#primaryimage\"},\"image\":{\"@id\":\"https:\/\/www.brazilcarestore.com\/es\/product\/kamaleao-color-es\/lobo-de-crin-tonico-colorante-semipermanente-150ml\/#primaryimage\"},\"thumbnailUrl\":\"https:\/\/i0.wp.com\/www.brazilcarestore.com\/wp-content\/uploads\/2024\/07\/Maned-Wolf-Semi-Permant-Hair-Color-Toner-150ml.jpg?fit=466%2C466&ssl=1\",\"datePublished\":\"2024-07-07T15:08:21+00:00\",\"description\":\"Tinte de pelo semipermanente Lobo de crin (Rojo cereza), 5 OZ\",\"breadcrumb\":{\"@id\":\"https:\/\/www.brazilcarestore.com\/es\/product\/kamaleao-color-es\/lobo-de-crin-tonico-colorante-semipermanente-150ml\/#breadcrumb\"},\"inLanguage\":\"es\",\"potentialAction\":[{\"@type\":\"ReadAction\",\"target\":[\"https:\/\/www.brazilcarestore.com\/es\/product\/kamaleao-color-es\/lobo-de-crin-tonico-colorante-semipermanente-150ml\/\"]}]},{\"@type\":\"ImageObject\",\"inLanguage\":\"es\",\"@id\":\"https:\/\/www.brazilcarestore.com\/es\/product\/kamaleao-color-es\/lobo-de-crin-tonico-colorante-semipermanente-150ml\/#primaryimage\",\"url\":\"https:\/\/i0.wp.com\/www.brazilcarestore.com\/wp-content\/uploads\/2024\/07\/Maned-Wolf-Semi-Permant-Hair-Color-Toner-150ml.jpg?fit=466%2C466&ssl=1\",\"contentUrl\":\"https:\/\/i0.wp.com\/www.brazilcarestore.com\/wp-content\/uploads\/2024\/07\/Maned-Wolf-Semi-Permant-Hair-Color-Toner-150ml.jpg?fit=466%2C466&ssl=1\",\"width\":466,\"height\":466,\"caption\":\"Versi\u00f3n 1.0.0\"},{\"@type\":\"BreadcrumbList\",\"@id\":\"https:\/\/www.brazilcarestore.com\/es\/product\/kamaleao-color-es\/lobo-de-crin-tonico-colorante-semipermanente-150ml\/#breadcrumb\",\"itemListElement\":[{\"@type\":\"ListItem\",\"position\":1,\"name\":\"Home\",\"item\":\"https:\/\/www.brazilcarestore.com\/es\/\"},{\"@type\":\"ListItem\",\"position\":2,\"name\":\"Tienda\",\"item\":\"https:\/\/www.brazilcarestore.com\/es\/tienda\/\"},{\"@type\":\"ListItem\",\"position\":3,\"name\":\"Lobo de crin T\u00f3nico colorante semipermanente 150ml\"}]},{\"@type\":\"WebSite\",\"@id\":\"https:\/\/www.brazilcarestore.com\/es\/#website\",\"url\":\"https:\/\/www.brazilcarestore.com\/es\/\",\"name\":\"Brazil Care Store\",\"description\":\"The way to Beauty\",\"publisher\":{\"@id\":\"https:\/\/www.brazilcarestore.com\/es\/#organization\"},\"potentialAction\":[{\"@type\":\"SearchAction\",\"target\":{\"@type\":\"EntryPoint\",\"urlTemplate\":\"https:\/\/www.brazilcarestore.com\/es\/?s={search_term_string}\"},\"query-input\":{\"@type\":\"PropertyValueSpecification\",\"valueRequired\":true,\"valueName\":\"search_term_string\"}}],\"inLanguage\":\"es\"},{\"@type\":\"Organization\",\"@id\":\"https:\/\/www.brazilcarestore.com\/es\/#organization\",\"name\":\"Brazil Care Store\",\"url\":\"https:\/\/www.brazilcarestore.com\/es\/\",\"logo\":{\"@type\":\"ImageObject\",\"inLanguage\":\"es\",\"@id\":\"https:\/\/www.brazilcarestore.com\/es\/#\/schema\/logo\/image\/\",\"url\":\"https:\/\/i0.wp.com\/www.brazilcarestore.com\/wp-content\/uploads\/2024\/02\/Brazil-Care-Store.png?fit=350%2C369&ssl=1\",\"contentUrl\":\"https:\/\/i0.wp.com\/www.brazilcarestore.com\/wp-content\/uploads\/2024\/02\/Brazil-Care-Store.png?fit=350%2C369&ssl=1\",\"width\":350,\"height\":369,\"caption\":\"Brazil Care Store\"},\"image\":{\"@id\":\"https:\/\/www.brazilcarestore.com\/es\/#\/schema\/logo\/image\/\"},\"sameAs\":[\"https:\/\/www.facebook.com\/brazilcarestore\",\"https:\/\/www.instagram.com\/brazilcarestore\",\"https:\/\/www.tiktok.com\/@brazilcarestore\"]}]}<\/script>\n<!-- \/ Yoast SEO plugin. -->","yoast_head_json":{"title":"Lobo de crin T\u00f3nico colorante semipermanente 150ml - Brazil Care Store","description":"Tinte de pelo semipermanente Lobo de crin (Rojo cereza), 5 OZ","robots":{"index":"index","follow":"follow","max-snippet":"max-snippet:-1","max-image-preview":"max-image-preview:large","max-video-preview":"max-video-preview:-1"},"canonical":"https:\/\/www.brazilcarestore.com\/es\/product\/kamaleao-color-es\/lobo-de-crin-tonico-colorante-semipermanente-150ml\/","og_locale":"es_ES","og_type":"article","og_title":"Lobo de crin T\u00f3nico colorante semipermanente 150ml - Brazil Care Store","og_description":"Tinte de pelo semipermanente Lobo de crin (Rojo cereza), 5 OZ","og_url":"https:\/\/www.brazilcarestore.com\/es\/product\/kamaleao-color-es\/lobo-de-crin-tonico-colorante-semipermanente-150ml\/","og_site_name":"Brazil Care Store","article_publisher":"https:\/\/www.facebook.com\/brazilcarestore","og_image":[{"width":466,"height":466,"url":"https:\/\/i0.wp.com\/www.brazilcarestore.com\/wp-content\/uploads\/2024\/07\/Maned-Wolf-Semi-Permant-Hair-Color-Toner-150ml.jpg?fit=466%2C466&ssl=1","type":"image\/jpeg"}],"twitter_card":"summary_large_image","twitter_misc":{"Tiempo de lectura":"2 minutos"},"schema":{"@context":"https:\/\/schema.org","@graph":[{"@type":"WebPage","@id":"https:\/\/www.brazilcarestore.com\/es\/product\/kamaleao-color-es\/lobo-de-crin-tonico-colorante-semipermanente-150ml\/","url":"https:\/\/www.brazilcarestore.com\/es\/product\/kamaleao-color-es\/lobo-de-crin-tonico-colorante-semipermanente-150ml\/","name":"Lobo de crin T\u00f3nico colorante semipermanente 150ml - Brazil Care Store","isPartOf":{"@id":"https:\/\/www.brazilcarestore.com\/es\/#website"},"primaryImageOfPage":{"@id":"https:\/\/www.brazilcarestore.com\/es\/product\/kamaleao-color-es\/lobo-de-crin-tonico-colorante-semipermanente-150ml\/#primaryimage"},"image":{"@id":"https:\/\/www.brazilcarestore.com\/es\/product\/kamaleao-color-es\/lobo-de-crin-tonico-colorante-semipermanente-150ml\/#primaryimage"},"thumbnailUrl":"https:\/\/i0.wp.com\/www.brazilcarestore.com\/wp-content\/uploads\/2024\/07\/Maned-Wolf-Semi-Permant-Hair-Color-Toner-150ml.jpg?fit=466%2C466&ssl=1","datePublished":"2024-07-07T15:08:21+00:00","description":"Tinte de pelo semipermanente Lobo de crin (Rojo cereza), 5 OZ","breadcrumb":{"@id":"https:\/\/www.brazilcarestore.com\/es\/product\/kamaleao-color-es\/lobo-de-crin-tonico-colorante-semipermanente-150ml\/#breadcrumb"},"inLanguage":"es","potentialAction":[{"@type":"ReadAction","target":["https:\/\/www.brazilcarestore.com\/es\/product\/kamaleao-color-es\/lobo-de-crin-tonico-colorante-semipermanente-150ml\/"]}]},{"@type":"ImageObject","inLanguage":"es","@id":"https:\/\/www.brazilcarestore.com\/es\/product\/kamaleao-color-es\/lobo-de-crin-tonico-colorante-semipermanente-150ml\/#primaryimage","url":"https:\/\/i0.wp.com\/www.brazilcarestore.com\/wp-content\/uploads\/2024\/07\/Maned-Wolf-Semi-Permant-Hair-Color-Toner-150ml.jpg?fit=466%2C466&ssl=1","contentUrl":"https:\/\/i0.wp.com\/www.brazilcarestore.com\/wp-content\/uploads\/2024\/07\/Maned-Wolf-Semi-Permant-Hair-Color-Toner-150ml.jpg?fit=466%2C466&ssl=1","width":466,"height":466,"caption":"Versi\u00f3n 1.0.0"},{"@type":"BreadcrumbList","@id":"https:\/\/www.brazilcarestore.com\/es\/product\/kamaleao-color-es\/lobo-de-crin-tonico-colorante-semipermanente-150ml\/#breadcrumb","itemListElement":[{"@type":"ListItem","position":1,"name":"Home","item":"https:\/\/www.brazilcarestore.com\/es\/"},{"@type":"ListItem","position":2,"name":"Tienda","item":"https:\/\/www.brazilcarestore.com\/es\/tienda\/"},{"@type":"ListItem","position":3,"name":"Lobo de crin T\u00f3nico colorante semipermanente 150ml"}]},{"@type":"WebSite","@id":"https:\/\/www.brazilcarestore.com\/es\/#website","url":"https:\/\/www.brazilcarestore.com\/es\/","name":"Brazil Care Store","description":"The way to Beauty","publisher":{"@id":"https:\/\/www.brazilcarestore.com\/es\/#organization"},"potentialAction":[{"@type":"SearchAction","target":{"@type":"EntryPoint","urlTemplate":"https:\/\/www.brazilcarestore.com\/es\/?s={search_term_string}"},"query-input":{"@type":"PropertyValueSpecification","valueRequired":true,"valueName":"search_term_string"}}],"inLanguage":"es"},{"@type":"Organization","@id":"https:\/\/www.brazilcarestore.com\/es\/#organization","name":"Brazil Care Store","url":"https:\/\/www.brazilcarestore.com\/es\/","logo":{"@type":"ImageObject","inLanguage":"es","@id":"https:\/\/www.brazilcarestore.com\/es\/#\/schema\/logo\/image\/","url":"https:\/\/i0.wp.com\/www.brazilcarestore.com\/wp-content\/uploads\/2024\/02\/Brazil-Care-Store.png?fit=350%2C369&ssl=1","contentUrl":"https:\/\/i0.wp.com\/www.brazilcarestore.com\/wp-content\/uploads\/2024\/02\/Brazil-Care-Store.png?fit=350%2C369&ssl=1","width":350,"height":369,"caption":"Brazil Care Store"},"image":{"@id":"https:\/\/www.brazilcarestore.com\/es\/#\/schema\/logo\/image\/"},"sameAs":["https:\/\/www.facebook.com\/brazilcarestore","https:\/\/www.instagram.com\/brazilcarestore","https:\/\/www.tiktok.com\/@brazilcarestore"]}]}},"_links":{"self":[{"href":"https:\/\/www.brazilcarestore.com\/es\/wp-json\/wp\/v2\/product\/2263","targetHints":{"allow":["GET"]}}],"collection":[{"href":"https:\/\/www.brazilcarestore.com\/es\/wp-json\/wp\/v2\/product"}],"about":[{"href":"https:\/\/www.brazilcarestore.com\/es\/wp-json\/wp\/v2\/types\/product"}],"wp:featuredmedia":[{"embeddable":true,"href":"https:\/\/www.brazilcarestore.com\/es\/wp-json\/wp\/v2\/media\/2048"}],"wp:attachment":[{"href":"https:\/\/www.brazilcarestore.com\/es\/wp-json\/wp\/v2\/media?parent=2263"}],"wp:term":[{"taxonomy":"product_brand","embeddable":true,"href":"https:\/\/www.brazilcarestore.com\/es\/wp-json\/wp\/v2\/product_brand?post=2263"},{"taxonomy":"product_cat","embeddable":true,"href":"https:\/\/www.brazilcarestore.com\/es\/wp-json\/wp\/v2\/product_cat?post=2263"},{"taxonomy":"product_tag","embeddable":true,"href":"https:\/\/www.brazilcarestore.com\/es\/wp-json\/wp\/v2\/product_tag?post=2263"}],"curies":[{"name":"wp","href":"https:\/\/api.w.org\/{rel}","templated":true}]}}