{"id":2249,"date":"2024-07-07T11:42:11","date_gmt":"2024-07-07T14:42:11","guid":{"rendered":"https:\/\/www.brazilcarestore.com\/product\/sin%20categor\u00eda\/tonico-tinte-semipermanente-colibri-150ml\/"},"modified":"2025-05-02T12:48:37","modified_gmt":"2025-05-02T15:48:37","slug":"tonico-tinte-semipermanente-colibri-150ml","status":"publish","type":"product","link":"https:\/\/www.brazilcarestore.com\/es\/product\/kamaleao-color-es\/tonico-tinte-semipermanente-colibri-150ml\/","title":{"rendered":"T\u00f3nico Tinte Semipermanente Colibr\u00ed 150ml"},"content":{"rendered":"<p>Acerca de este art\u00edculo:<\/p>\n<p>Tinte semipermanente Colibr\u00ed (Morado azulado), 5 OZ \/ KC COLOR<br \/>\nMarca KC COLOR \/ KAMALE\u00c3O COLOR<br \/>\nDURABILIDAD: De 5 a 25 lavados (la duraci\u00f3n var\u00eda seg\u00fan el cabello, los colores y el mantenimiento);<br \/>\nBAJO POO: Sin parabenos, amon\u00edaco, per\u00f3xidos ni anilina.<br \/>\nCOLORES Y TONOS MEZCLABLES: Los tintes semipermanentes KC Color (Kamale\u00e3o Color Brasil) son seguros de mezclar para crear nuevas posibilidades de tonos e incluso puedes mezclarlos con nuestra Crema Diluyente Arco Iris para crear tonos m\u00e1s pastel;<br \/>\nCOLORES VIBRANTES: KC Color (Kamale\u00e3o Color Brasil) trabaja duro para ofrecerte los nuevos colores de moda m\u00e1s calientes, brillantes y atrevidos;<\/p>\n<p>C\u00f3mo utilizarlo:<\/p>\n<p>Tinte semipermanente Colibr\u00ed (Morado azulado), 5 OZ \/ ADVERTENCIAS: &#8211; Es necesario decolorar o te\u00f1ir el cabello; &#8211; Utiliza guantes durante el proceso; &#8211; Se recomienda no aclarar el producto en la ducha, ya que puede manchar la piel; &#8211; Realiza una prueba del parche y del mech\u00f3n antes de utilizarlo. \u00a1Las im\u00e1genes son meramente ilustrativas! El resultado puede variar seg\u00fan la base rubia aplicada y el modo de uso. \/\/\/ Te recomendamos que realices una prueba del filamento antes de aplicarlo. PRUEBA DEL MECH\u00d3N: A\u00edsla un mech\u00f3n de pelo y sigue las instrucciones. PRUEBA DE PARCHE: Aplica una peque\u00f1a cantidad en la parte interior del codo y d\u00e9jala actuar 20 minutos, acl\u00e1rala y espera 24 horas. MODO DE EMPLEO: Con el cabello limpio y seco (lavado s\u00f3lo con champ\u00fa), aplica el Tinte Semipermanente y d\u00e9jalo actuar de 30 a 40 minutos, aclara abundantemente. Lleva guantes. Para aplicarlo, tu nivel de tinte debe ser de nivel 10 u 11 (rubio muy claro a superclaro). ADVERTENCIAS: S\u00f3lo para uso externo. Mantener fuera del alcance de los ni\u00f1os. No utilizar en cejas ni pesta\u00f1as. En caso de contacto con los ojos, acl\u00e1ralos bien con agua abundante. No te lo apliques en el pelo si tienes el cuero cabelludo irritado, quemado por el sol o lesionado. Si se produce irritaci\u00f3n, deja de usarlo y busca asistencia m\u00e9dica. No utilices el producto si eres al\u00e9rgico a alguno de sus ingredientes. HECHO EN BRASIL                <\/p>\n","protected":false},"excerpt":{"rendered":"<p>Tinte Semipermanente Colibr\u00ed (Morado azulado), 5 OZ \/ KC COLOR<\/p>\n","protected":false},"featured_media":2032,"template":"","meta":[],"product_brand":[206],"product_cat":[125],"product_tag":[],"class_list":{"0":"post-2249","1":"product","2":"type-product","3":"status-publish","4":"has-post-thumbnail","6":"product_brand-kamaleao-color","7":"product_cat-kamaleao-color-es","8":"product_shipping_class-leves-a-499","10":"first","11":"instock","12":"shipping-taxable","13":"purchasable","14":"product-type-simple"},"yoast_head":"<!-- This site is optimized with the Yoast SEO plugin v27.1.1 - https:\/\/yoast.com\/product\/yoast-seo-wordpress\/ -->\n<title>T\u00f3nico Tinte Semipermanente Colibr\u00ed 150ml - Brazil Care Store<\/title>\n<meta name=\"description\" content=\"Tinte Semipermanente Colibr\u00ed (Morado azulado), 5 OZ \/ KC COLOR\" \/>\n<meta name=\"robots\" content=\"index, follow, max-snippet:-1, max-image-preview:large, max-video-preview:-1\" \/>\n<link rel=\"canonical\" href=\"https:\/\/www.brazilcarestore.com\/es\/product\/kamaleao-color-es\/tonico-tinte-semipermanente-colibri-150ml\/\" \/>\n<meta property=\"og:locale\" content=\"es_ES\" \/>\n<meta property=\"og:type\" content=\"article\" \/>\n<meta property=\"og:title\" content=\"T\u00f3nico Tinte Semipermanente Colibr\u00ed 150ml - Brazil Care Store\" \/>\n<meta property=\"og:description\" content=\"Tinte Semipermanente Colibr\u00ed (Morado azulado), 5 OZ \/ KC COLOR\" \/>\n<meta property=\"og:url\" content=\"https:\/\/www.brazilcarestore.com\/es\/product\/kamaleao-color-es\/tonico-tinte-semipermanente-colibri-150ml\/\" \/>\n<meta property=\"og:site_name\" content=\"Brazil Care Store\" \/>\n<meta property=\"article:publisher\" content=\"https:\/\/www.facebook.com\/brazilcarestore\" \/>\n<meta property=\"article:modified_time\" content=\"2025-05-02T15:48:37+00:00\" \/>\n<meta property=\"og:image\" content=\"https:\/\/i0.wp.com\/www.brazilcarestore.com\/wp-content\/uploads\/2024\/07\/Hummingbird-Semi-Permant-Hair-Color-Toner-150ml.jpg?fit=425%2C425&ssl=1\" \/>\n\t<meta property=\"og:image:width\" content=\"425\" \/>\n\t<meta property=\"og:image:height\" content=\"425\" \/>\n\t<meta property=\"og:image:type\" content=\"image\/jpeg\" \/>\n<meta name=\"twitter:card\" content=\"summary_large_image\" \/>\n<meta name=\"twitter:label1\" content=\"Tiempo de lectura\" \/>\n\t<meta name=\"twitter:data1\" content=\"2 minutos\" \/>\n<script type=\"application\/ld+json\" class=\"yoast-schema-graph\">{\"@context\":\"https:\/\/schema.org\",\"@graph\":[{\"@type\":\"WebPage\",\"@id\":\"https:\/\/www.brazilcarestore.com\/es\/product\/kamaleao-color-es\/tonico-tinte-semipermanente-colibri-150ml\/\",\"url\":\"https:\/\/www.brazilcarestore.com\/es\/product\/kamaleao-color-es\/tonico-tinte-semipermanente-colibri-150ml\/\",\"name\":\"T\u00f3nico Tinte Semipermanente Colibr\u00ed 150ml - Brazil Care Store\",\"isPartOf\":{\"@id\":\"https:\/\/www.brazilcarestore.com\/es\/#website\"},\"primaryImageOfPage\":{\"@id\":\"https:\/\/www.brazilcarestore.com\/es\/product\/kamaleao-color-es\/tonico-tinte-semipermanente-colibri-150ml\/#primaryimage\"},\"image\":{\"@id\":\"https:\/\/www.brazilcarestore.com\/es\/product\/kamaleao-color-es\/tonico-tinte-semipermanente-colibri-150ml\/#primaryimage\"},\"thumbnailUrl\":\"https:\/\/i0.wp.com\/www.brazilcarestore.com\/wp-content\/uploads\/2024\/07\/Hummingbird-Semi-Permant-Hair-Color-Toner-150ml.jpg?fit=425%2C425&ssl=1\",\"datePublished\":\"2024-07-07T14:42:11+00:00\",\"dateModified\":\"2025-05-02T15:48:37+00:00\",\"description\":\"Tinte Semipermanente Colibr\u00ed (Morado azulado), 5 OZ \/ KC COLOR\",\"breadcrumb\":{\"@id\":\"https:\/\/www.brazilcarestore.com\/es\/product\/kamaleao-color-es\/tonico-tinte-semipermanente-colibri-150ml\/#breadcrumb\"},\"inLanguage\":\"es\",\"potentialAction\":[{\"@type\":\"ReadAction\",\"target\":[\"https:\/\/www.brazilcarestore.com\/es\/product\/kamaleao-color-es\/tonico-tinte-semipermanente-colibri-150ml\/\"]}]},{\"@type\":\"ImageObject\",\"inLanguage\":\"es\",\"@id\":\"https:\/\/www.brazilcarestore.com\/es\/product\/kamaleao-color-es\/tonico-tinte-semipermanente-colibri-150ml\/#primaryimage\",\"url\":\"https:\/\/i0.wp.com\/www.brazilcarestore.com\/wp-content\/uploads\/2024\/07\/Hummingbird-Semi-Permant-Hair-Color-Toner-150ml.jpg?fit=425%2C425&ssl=1\",\"contentUrl\":\"https:\/\/i0.wp.com\/www.brazilcarestore.com\/wp-content\/uploads\/2024\/07\/Hummingbird-Semi-Permant-Hair-Color-Toner-150ml.jpg?fit=425%2C425&ssl=1\",\"width\":425,\"height\":425},{\"@type\":\"BreadcrumbList\",\"@id\":\"https:\/\/www.brazilcarestore.com\/es\/product\/kamaleao-color-es\/tonico-tinte-semipermanente-colibri-150ml\/#breadcrumb\",\"itemListElement\":[{\"@type\":\"ListItem\",\"position\":1,\"name\":\"Home\",\"item\":\"https:\/\/www.brazilcarestore.com\/es\/\"},{\"@type\":\"ListItem\",\"position\":2,\"name\":\"Tienda\",\"item\":\"https:\/\/www.brazilcarestore.com\/es\/tienda\/\"},{\"@type\":\"ListItem\",\"position\":3,\"name\":\"T\u00f3nico Tinte Semipermanente Colibr\u00ed 150ml\"}]},{\"@type\":\"WebSite\",\"@id\":\"https:\/\/www.brazilcarestore.com\/es\/#website\",\"url\":\"https:\/\/www.brazilcarestore.com\/es\/\",\"name\":\"Brazil Care Store\",\"description\":\"The way to Beauty\",\"publisher\":{\"@id\":\"https:\/\/www.brazilcarestore.com\/es\/#organization\"},\"potentialAction\":[{\"@type\":\"SearchAction\",\"target\":{\"@type\":\"EntryPoint\",\"urlTemplate\":\"https:\/\/www.brazilcarestore.com\/es\/?s={search_term_string}\"},\"query-input\":{\"@type\":\"PropertyValueSpecification\",\"valueRequired\":true,\"valueName\":\"search_term_string\"}}],\"inLanguage\":\"es\"},{\"@type\":\"Organization\",\"@id\":\"https:\/\/www.brazilcarestore.com\/es\/#organization\",\"name\":\"Brazil Care Store\",\"url\":\"https:\/\/www.brazilcarestore.com\/es\/\",\"logo\":{\"@type\":\"ImageObject\",\"inLanguage\":\"es\",\"@id\":\"https:\/\/www.brazilcarestore.com\/es\/#\/schema\/logo\/image\/\",\"url\":\"https:\/\/i0.wp.com\/www.brazilcarestore.com\/wp-content\/uploads\/2024\/02\/Brazil-Care-Store.png?fit=350%2C369&ssl=1\",\"contentUrl\":\"https:\/\/i0.wp.com\/www.brazilcarestore.com\/wp-content\/uploads\/2024\/02\/Brazil-Care-Store.png?fit=350%2C369&ssl=1\",\"width\":350,\"height\":369,\"caption\":\"Brazil Care Store\"},\"image\":{\"@id\":\"https:\/\/www.brazilcarestore.com\/es\/#\/schema\/logo\/image\/\"},\"sameAs\":[\"https:\/\/www.facebook.com\/brazilcarestore\",\"https:\/\/www.instagram.com\/brazilcarestore\",\"https:\/\/www.tiktok.com\/@brazilcarestore\"]}]}<\/script>\n<!-- \/ Yoast SEO plugin. -->","yoast_head_json":{"title":"T\u00f3nico Tinte Semipermanente Colibr\u00ed 150ml - Brazil Care Store","description":"Tinte Semipermanente Colibr\u00ed (Morado azulado), 5 OZ \/ KC COLOR","robots":{"index":"index","follow":"follow","max-snippet":"max-snippet:-1","max-image-preview":"max-image-preview:large","max-video-preview":"max-video-preview:-1"},"canonical":"https:\/\/www.brazilcarestore.com\/es\/product\/kamaleao-color-es\/tonico-tinte-semipermanente-colibri-150ml\/","og_locale":"es_ES","og_type":"article","og_title":"T\u00f3nico Tinte Semipermanente Colibr\u00ed 150ml - Brazil Care Store","og_description":"Tinte Semipermanente Colibr\u00ed (Morado azulado), 5 OZ \/ KC COLOR","og_url":"https:\/\/www.brazilcarestore.com\/es\/product\/kamaleao-color-es\/tonico-tinte-semipermanente-colibri-150ml\/","og_site_name":"Brazil Care Store","article_publisher":"https:\/\/www.facebook.com\/brazilcarestore","article_modified_time":"2025-05-02T15:48:37+00:00","og_image":[{"width":425,"height":425,"url":"https:\/\/i0.wp.com\/www.brazilcarestore.com\/wp-content\/uploads\/2024\/07\/Hummingbird-Semi-Permant-Hair-Color-Toner-150ml.jpg?fit=425%2C425&ssl=1","type":"image\/jpeg"}],"twitter_card":"summary_large_image","twitter_misc":{"Tiempo de lectura":"2 minutos"},"schema":{"@context":"https:\/\/schema.org","@graph":[{"@type":"WebPage","@id":"https:\/\/www.brazilcarestore.com\/es\/product\/kamaleao-color-es\/tonico-tinte-semipermanente-colibri-150ml\/","url":"https:\/\/www.brazilcarestore.com\/es\/product\/kamaleao-color-es\/tonico-tinte-semipermanente-colibri-150ml\/","name":"T\u00f3nico Tinte Semipermanente Colibr\u00ed 150ml - Brazil Care Store","isPartOf":{"@id":"https:\/\/www.brazilcarestore.com\/es\/#website"},"primaryImageOfPage":{"@id":"https:\/\/www.brazilcarestore.com\/es\/product\/kamaleao-color-es\/tonico-tinte-semipermanente-colibri-150ml\/#primaryimage"},"image":{"@id":"https:\/\/www.brazilcarestore.com\/es\/product\/kamaleao-color-es\/tonico-tinte-semipermanente-colibri-150ml\/#primaryimage"},"thumbnailUrl":"https:\/\/i0.wp.com\/www.brazilcarestore.com\/wp-content\/uploads\/2024\/07\/Hummingbird-Semi-Permant-Hair-Color-Toner-150ml.jpg?fit=425%2C425&ssl=1","datePublished":"2024-07-07T14:42:11+00:00","dateModified":"2025-05-02T15:48:37+00:00","description":"Tinte Semipermanente Colibr\u00ed (Morado azulado), 5 OZ \/ KC COLOR","breadcrumb":{"@id":"https:\/\/www.brazilcarestore.com\/es\/product\/kamaleao-color-es\/tonico-tinte-semipermanente-colibri-150ml\/#breadcrumb"},"inLanguage":"es","potentialAction":[{"@type":"ReadAction","target":["https:\/\/www.brazilcarestore.com\/es\/product\/kamaleao-color-es\/tonico-tinte-semipermanente-colibri-150ml\/"]}]},{"@type":"ImageObject","inLanguage":"es","@id":"https:\/\/www.brazilcarestore.com\/es\/product\/kamaleao-color-es\/tonico-tinte-semipermanente-colibri-150ml\/#primaryimage","url":"https:\/\/i0.wp.com\/www.brazilcarestore.com\/wp-content\/uploads\/2024\/07\/Hummingbird-Semi-Permant-Hair-Color-Toner-150ml.jpg?fit=425%2C425&ssl=1","contentUrl":"https:\/\/i0.wp.com\/www.brazilcarestore.com\/wp-content\/uploads\/2024\/07\/Hummingbird-Semi-Permant-Hair-Color-Toner-150ml.jpg?fit=425%2C425&ssl=1","width":425,"height":425},{"@type":"BreadcrumbList","@id":"https:\/\/www.brazilcarestore.com\/es\/product\/kamaleao-color-es\/tonico-tinte-semipermanente-colibri-150ml\/#breadcrumb","itemListElement":[{"@type":"ListItem","position":1,"name":"Home","item":"https:\/\/www.brazilcarestore.com\/es\/"},{"@type":"ListItem","position":2,"name":"Tienda","item":"https:\/\/www.brazilcarestore.com\/es\/tienda\/"},{"@type":"ListItem","position":3,"name":"T\u00f3nico Tinte Semipermanente Colibr\u00ed 150ml"}]},{"@type":"WebSite","@id":"https:\/\/www.brazilcarestore.com\/es\/#website","url":"https:\/\/www.brazilcarestore.com\/es\/","name":"Brazil Care Store","description":"The way to Beauty","publisher":{"@id":"https:\/\/www.brazilcarestore.com\/es\/#organization"},"potentialAction":[{"@type":"SearchAction","target":{"@type":"EntryPoint","urlTemplate":"https:\/\/www.brazilcarestore.com\/es\/?s={search_term_string}"},"query-input":{"@type":"PropertyValueSpecification","valueRequired":true,"valueName":"search_term_string"}}],"inLanguage":"es"},{"@type":"Organization","@id":"https:\/\/www.brazilcarestore.com\/es\/#organization","name":"Brazil Care Store","url":"https:\/\/www.brazilcarestore.com\/es\/","logo":{"@type":"ImageObject","inLanguage":"es","@id":"https:\/\/www.brazilcarestore.com\/es\/#\/schema\/logo\/image\/","url":"https:\/\/i0.wp.com\/www.brazilcarestore.com\/wp-content\/uploads\/2024\/02\/Brazil-Care-Store.png?fit=350%2C369&ssl=1","contentUrl":"https:\/\/i0.wp.com\/www.brazilcarestore.com\/wp-content\/uploads\/2024\/02\/Brazil-Care-Store.png?fit=350%2C369&ssl=1","width":350,"height":369,"caption":"Brazil Care Store"},"image":{"@id":"https:\/\/www.brazilcarestore.com\/es\/#\/schema\/logo\/image\/"},"sameAs":["https:\/\/www.facebook.com\/brazilcarestore","https:\/\/www.instagram.com\/brazilcarestore","https:\/\/www.tiktok.com\/@brazilcarestore"]}]}},"_links":{"self":[{"href":"https:\/\/www.brazilcarestore.com\/es\/wp-json\/wp\/v2\/product\/2249","targetHints":{"allow":["GET"]}}],"collection":[{"href":"https:\/\/www.brazilcarestore.com\/es\/wp-json\/wp\/v2\/product"}],"about":[{"href":"https:\/\/www.brazilcarestore.com\/es\/wp-json\/wp\/v2\/types\/product"}],"wp:featuredmedia":[{"embeddable":true,"href":"https:\/\/www.brazilcarestore.com\/es\/wp-json\/wp\/v2\/media\/2032"}],"wp:attachment":[{"href":"https:\/\/www.brazilcarestore.com\/es\/wp-json\/wp\/v2\/media?parent=2249"}],"wp:term":[{"taxonomy":"product_brand","embeddable":true,"href":"https:\/\/www.brazilcarestore.com\/es\/wp-json\/wp\/v2\/product_brand?post=2249"},{"taxonomy":"product_cat","embeddable":true,"href":"https:\/\/www.brazilcarestore.com\/es\/wp-json\/wp\/v2\/product_cat?post=2249"},{"taxonomy":"product_tag","embeddable":true,"href":"https:\/\/www.brazilcarestore.com\/es\/wp-json\/wp\/v2\/product_tag?post=2249"}],"curies":[{"name":"wp","href":"https:\/\/api.w.org\/{rel}","templated":true}]}}